
{"id":43009,"date":"2021-06-02T10:39:23","date_gmt":"2021-06-02T08:39:23","guid":{"rendered":"https:\/\/goblenart.ro\/?post_type=product&#038;p=43009"},"modified":"2025-08-07T07:53:46","modified_gmt":"2025-08-07T05:53:46","slug":"buchet-de-liliac-model-cusut-si-inramat","status":"publish","type":"product","link":"https:\/\/goblenart.ro\/en\/produs\/buchet-de-liliac-model-cusut-si-inramat\/","title":{"rendered":"Buchet de liliac &#8211; model cusut \u0219i \u00eenr\u0103mat"},"content":{"rendered":"<p>Tablou cusut \u00een punctul clasic de goblen, cu fir original mouline DMC. Tabloul este \u00eenr\u0103mat \u0219i montat cu passepartout, sticl\u0103, spate \u015fi ag\u0103\u0163\u0103toare.<\/p>\n","protected":false},"excerpt":{"rendered":"<p>Tablou cusut \u00een punctul clasic de goblen, cu fir original mouline DMC. Tabloul este \u00eenr\u0103mat \u0219i montat cu passepartout, sticl\u0103, spate \u015fi ag\u0103\u0163\u0103toare.<\/p>\n","protected":false},"featured_media":43010,"template":"","meta":{"site-sidebar-layout":"default","site-content-layout":"default","ast-site-content-layout":"default","site-content-style":"default","site-sidebar-style":"default","ast-global-header-display":"","ast-banner-title-visibility":"","ast-main-header-display":"","ast-hfb-above-header-display":"","ast-hfb-below-header-display":"","ast-hfb-mobile-header-display":"","site-post-title":"","ast-breadcrumbs-content":"","ast-featured-img":"","footer-sml-layout":"","ast-disable-related-posts":"","theme-transparent-header-meta":"default","adv-header-id-meta":"","stick-header-meta":"default","header-above-stick-meta":"","header-main-stick-meta":"","header-below-stick-meta":"","astra-migrate-meta-layouts":"default","ast-page-background-enabled":"default","ast-page-background-meta":{"desktop":{"background-color":"","background-image":"","background-repeat":"repeat","background-position":"center center","background-size":"auto","background-attachment":"scroll","background-type":"","background-media":"","overlay-type":"","overlay-color":"","overlay-opacity":"","overlay-gradient":""},"tablet":{"background-color":"","background-image":"","background-repeat":"repeat","background-position":"center center","background-size":"auto","background-attachment":"scroll","background-type":"","background-media":"","overlay-type":"","overlay-color":"","overlay-opacity":"","overlay-gradient":""},"mobile":{"background-color":"","background-image":"","background-repeat":"repeat","background-position":"center center","background-size":"auto","background-attachment":"scroll","background-type":"","background-media":"","overlay-type":"","overlay-color":"","overlay-opacity":"","overlay-gradient":""}},"ast-content-background-meta":{"desktop":{"background-color":"var(--ast-global-color-5)","background-image":"","background-repeat":"repeat","background-position":"center center","background-size":"auto","background-attachment":"scroll","background-type":"","background-media":"","overlay-type":"","overlay-color":"","overlay-opacity":"","overlay-gradient":""},"tablet":{"background-color":"var(--ast-global-color-5)","background-image":"","background-repeat":"repeat","background-position":"center center","background-size":"auto","background-attachment":"scroll","background-type":"","background-media":"","overlay-type":"","overlay-color":"","overlay-opacity":"","overlay-gradient":""},"mobile":{"background-color":"var(--ast-global-color-5)","background-image":"","background-repeat":"repeat","background-position":"center center","background-size":"auto","background-attachment":"scroll","background-type":"","background-media":"","overlay-type":"","overlay-color":"","overlay-opacity":"","overlay-gradient":""}}},"pwb-brand":[1031],"product_brand":[],"product_cat":[869,855,901],"product_tag":[],"class_list":{"0":"post-43009","1":"product","2":"type-product","3":"status-publish","4":"has-post-thumbnail","6":"pwb-brand-produse-goblenart","7":"product_cat-cusute","8":"product_cat-modele","9":"product_cat-tablouri-inramate","10":"desktop-align-left","11":"tablet-align-left","12":"mobile-align-left","13":"ast-product-gallery-layout-horizontal-slider","14":"ast-product-gallery-with-no-image","15":"ast-magnify-disabled","16":"ast-product-tabs-layout-horizontal","18":"first","19":"instock","20":"shipping-taxable","21":"purchasable","22":"product-type-simple"},"brands":[{"id":1031,"name":"GoblenArt","slug":"produse-goblenart"}],"_links":{"self":[{"href":"https:\/\/goblenart.ro\/en\/wp-json\/wp\/v2\/product\/43009","targetHints":{"allow":["GET"]}}],"collection":[{"href":"https:\/\/goblenart.ro\/en\/wp-json\/wp\/v2\/product"}],"about":[{"href":"https:\/\/goblenart.ro\/en\/wp-json\/wp\/v2\/types\/product"}],"version-history":[{"count":1,"href":"https:\/\/goblenart.ro\/en\/wp-json\/wp\/v2\/product\/43009\/revisions"}],"predecessor-version":[{"id":52202,"href":"https:\/\/goblenart.ro\/en\/wp-json\/wp\/v2\/product\/43009\/revisions\/52202"}],"wp:featuredmedia":[{"embeddable":true,"href":"https:\/\/goblenart.ro\/en\/wp-json\/wp\/v2\/media\/43010"}],"wp:attachment":[{"href":"https:\/\/goblenart.ro\/en\/wp-json\/wp\/v2\/media?parent=43009"}],"wp:term":[{"taxonomy":"pwb-brand","embeddable":true,"href":"https:\/\/goblenart.ro\/en\/wp-json\/wp\/v2\/pwb-brand?post=43009"},{"taxonomy":"product_brand","embeddable":true,"href":"https:\/\/goblenart.ro\/en\/wp-json\/wp\/v2\/product_brand?post=43009"},{"taxonomy":"product_cat","embeddable":true,"href":"https:\/\/goblenart.ro\/en\/wp-json\/wp\/v2\/product_cat?post=43009"},{"taxonomy":"product_tag","embeddable":true,"href":"https:\/\/goblenart.ro\/en\/wp-json\/wp\/v2\/product_tag?post=43009"}],"curies":[{"name":"wp","href":"https:\/\/api.w.org\/{rel}","templated":true}]}}