
{"id":43452,"date":"2021-11-11T15:28:24","date_gmt":"2021-11-11T13:28:24","guid":{"rendered":"https:\/\/goblenart.ro\/?post_type=product&#038;p=43452"},"modified":"2024-04-02T08:00:28","modified_gmt":"2024-04-02T06:00:28","slug":"fusta-din-catifea-cu-broderie-3","status":"publish","type":"product","link":"https:\/\/goblenart.ro\/en\/produs\/fusta-din-catifea-cu-broderie-3\/","title":{"rendered":"Fust\u0103 tradi\u021bional\u0103 brodat\u0103"},"content":{"rendered":"<p>Fust\u0103 din catifea de bumbac, brodat\u0103 cu motiv din natur\u0103, rug de mure \u0219i bata din elastic. Este ornamentat\u0103 \u00een partea de sus cu motiv lucrat manual, \u00een punct de fagure. <strong>Men\u021bion\u0103m c\u0103 bata este m\u0103surat\u0103 cu elasticul ne\u00eentins, dimensiunea la care se poate ajunge dup\u0103 \u00eentindere fiind cu aproximativ 10cm. mai mare.<\/strong><\/p>\n","protected":false},"excerpt":{"rendered":"<p>Fust\u0103 din catifea de bumbac, brodat\u0103 cu motiv din natur\u0103, rug de mure \u0219i bata din elastic. Este ornamentat\u0103 \u00een partea de sus cu motiv lucrat manual, \u00een punct de fagure. Men\u021bion\u0103m c\u0103 bata este m\u0103surat\u0103 cu elasticul ne\u00eentins, dimensiunea la care se poate ajunge dup\u0103 \u00eentindere fiind cu aproximativ 10cm. mai mare.<\/p>\n","protected":false},"featured_media":43453,"template":"","meta":{"site-sidebar-layout":"default","site-content-layout":"default","ast-site-content-layout":"default","site-content-style":"default","site-sidebar-style":"default","ast-global-header-display":"","ast-banner-title-visibility":"","ast-main-header-display":"","ast-hfb-above-header-display":"","ast-hfb-below-header-display":"","ast-hfb-mobile-header-display":"","site-post-title":"","ast-breadcrumbs-content":"","ast-featured-img":"","footer-sml-layout":"","ast-disable-related-posts":"","theme-transparent-header-meta":"default","adv-header-id-meta":"","stick-header-meta":"default","header-above-stick-meta":"","header-main-stick-meta":"","header-below-stick-meta":"","astra-migrate-meta-layouts":"default","ast-page-background-enabled":"default","ast-page-background-meta":{"desktop":{"background-color":"","background-image":"","background-repeat":"repeat","background-position":"center center","background-size":"auto","background-attachment":"scroll","background-type":"","background-media":"","overlay-type":"","overlay-color":"","overlay-opacity":"","overlay-gradient":""},"tablet":{"background-color":"","background-image":"","background-repeat":"repeat","background-position":"center center","background-size":"auto","background-attachment":"scroll","background-type":"","background-media":"","overlay-type":"","overlay-color":"","overlay-opacity":"","overlay-gradient":""},"mobile":{"background-color":"","background-image":"","background-repeat":"repeat","background-position":"center center","background-size":"auto","background-attachment":"scroll","background-type":"","background-media":"","overlay-type":"","overlay-color":"","overlay-opacity":"","overlay-gradient":""}},"ast-content-background-meta":{"desktop":{"background-color":"var(--ast-global-color-5)","background-image":"","background-repeat":"repeat","background-position":"center center","background-size":"auto","background-attachment":"scroll","background-type":"","background-media":"","overlay-type":"","overlay-color":"","overlay-opacity":"","overlay-gradient":""},"tablet":{"background-color":"var(--ast-global-color-5)","background-image":"","background-repeat":"repeat","background-position":"center center","background-size":"auto","background-attachment":"scroll","background-type":"","background-media":"","overlay-type":"","overlay-color":"","overlay-opacity":"","overlay-gradient":""},"mobile":{"background-color":"var(--ast-global-color-5)","background-image":"","background-repeat":"repeat","background-position":"center center","background-size":"auto","background-attachment":"scroll","background-type":"","background-media":"","overlay-type":"","overlay-color":"","overlay-opacity":"","overlay-gradient":""}}},"pwb-brand":[1025],"product_brand":[],"product_cat":[920,912],"product_tag":[],"class_list":{"0":"post-43452","1":"product","2":"type-product","3":"status-publish","4":"has-post-thumbnail","6":"pwb-brand-goblenart-traditional","7":"product_cat-fuste-brodate","8":"product_cat-traditional","9":"desktop-align-left","10":"tablet-align-left","11":"mobile-align-left","12":"ast-product-gallery-layout-horizontal-slider","13":"ast-product-gallery-with-no-image","14":"ast-magnify-disabled","15":"ast-product-tabs-layout-horizontal","17":"first","18":"instock","19":"shipping-taxable","20":"purchasable","21":"product-type-simple"},"brands":[{"id":1025,"name":"GoblenArt Traditional","slug":"goblenart-traditional"}],"_links":{"self":[{"href":"https:\/\/goblenart.ro\/en\/wp-json\/wp\/v2\/product\/43452","targetHints":{"allow":["GET"]}}],"collection":[{"href":"https:\/\/goblenart.ro\/en\/wp-json\/wp\/v2\/product"}],"about":[{"href":"https:\/\/goblenart.ro\/en\/wp-json\/wp\/v2\/types\/product"}],"version-history":[{"count":0,"href":"https:\/\/goblenart.ro\/en\/wp-json\/wp\/v2\/product\/43452\/revisions"}],"wp:featuredmedia":[{"embeddable":true,"href":"https:\/\/goblenart.ro\/en\/wp-json\/wp\/v2\/media\/43453"}],"wp:attachment":[{"href":"https:\/\/goblenart.ro\/en\/wp-json\/wp\/v2\/media?parent=43452"}],"wp:term":[{"taxonomy":"pwb-brand","embeddable":true,"href":"https:\/\/goblenart.ro\/en\/wp-json\/wp\/v2\/pwb-brand?post=43452"},{"taxonomy":"product_brand","embeddable":true,"href":"https:\/\/goblenart.ro\/en\/wp-json\/wp\/v2\/product_brand?post=43452"},{"taxonomy":"product_cat","embeddable":true,"href":"https:\/\/goblenart.ro\/en\/wp-json\/wp\/v2\/product_cat?post=43452"},{"taxonomy":"product_tag","embeddable":true,"href":"https:\/\/goblenart.ro\/en\/wp-json\/wp\/v2\/product_tag?post=43452"}],"curies":[{"name":"wp","href":"https:\/\/api.w.org\/{rel}","templated":true}]}}