
{"id":44034,"date":"2022-02-16T12:21:26","date_gmt":"2022-02-16T10:21:26","guid":{"rendered":"https:\/\/goblenart.ro\/?post_type=product&#038;p=44034"},"modified":"2025-02-28T16:56:46","modified_gmt":"2025-02-28T14:56:46","slug":"aranjament-cu-flori-de-primavara-kit","status":"publish","type":"product","link":"https:\/\/goblenart.ro\/en\/produs\/aranjament-cu-flori-de-primavara-kit\/","title":{"rendered":"Aranjament cu flori de prim\u0103var\u0103 &#8211; kit complet"},"content":{"rendered":"<p>Un superb aranjament ce surprinde toat\u0103 ging\u0103\u0219ia prim\u0103verii, care se lucreaz\u0103 pe p\u00e2nz\u0103 unifil 100% bumbac cu 10,5 pct.\/cm., \u00een punct de cruciuli\u021b\u0103 \u0219i punct de contur, cu fir mouline special DMC. Kitul mai con\u021bine diagrama, ac special cu v\u00e2rf bont \u0219i ureche alungit\u0103, instruc\u021biunile de lucru \u0219i imaginea color. Acest model, vesel \u0219i suav, este achizi\u021bia ideal\u0103 pentru ambientul camerei de zi sau pentru oricare col\u021b al casei unde vre\u021bi s\u0103 pune\u021bi prim\u0103vara.<\/p>\n<p>&nbsp;<\/p>\n","protected":false},"excerpt":{"rendered":"<p>Un superb aranjament ce surprinde toat\u0103 ging\u0103\u0219ia prim\u0103verii, care se lucreaz\u0103 pe p\u00e2nz\u0103 unifil 100% bumbac cu 10,5 pct.\/cm., \u00een punct de cruciuli\u021b\u0103 \u0219i punct de contur, cu fir mouline special DMC. Kitul mai con\u021bine diagrama, ac special cu v\u00e2rf bont \u0219i ureche alungit\u0103, instruc\u021biunile de lucru \u0219i imaginea color. Acest model, vesel \u0219i suav, [&hellip;]<\/p>\n","protected":false},"featured_media":44035,"template":"","meta":{"site-sidebar-layout":"default","site-content-layout":"default","ast-site-content-layout":"default","site-content-style":"default","site-sidebar-style":"default","ast-global-header-display":"","ast-banner-title-visibility":"","ast-main-header-display":"","ast-hfb-above-header-display":"","ast-hfb-below-header-display":"","ast-hfb-mobile-header-display":"","site-post-title":"","ast-breadcrumbs-content":"","ast-featured-img":"","footer-sml-layout":"","ast-disable-related-posts":"","theme-transparent-header-meta":"default","adv-header-id-meta":"","stick-header-meta":"default","header-above-stick-meta":"","header-main-stick-meta":"","header-below-stick-meta":"","astra-migrate-meta-layouts":"default","ast-page-background-enabled":"default","ast-page-background-meta":{"desktop":{"background-color":"","background-image":"","background-repeat":"repeat","background-position":"center center","background-size":"auto","background-attachment":"scroll","background-type":"","background-media":"","overlay-type":"","overlay-color":"","overlay-opacity":"","overlay-gradient":""},"tablet":{"background-color":"","background-image":"","background-repeat":"repeat","background-position":"center center","background-size":"auto","background-attachment":"scroll","background-type":"","background-media":"","overlay-type":"","overlay-color":"","overlay-opacity":"","overlay-gradient":""},"mobile":{"background-color":"","background-image":"","background-repeat":"repeat","background-position":"center center","background-size":"auto","background-attachment":"scroll","background-type":"","background-media":"","overlay-type":"","overlay-color":"","overlay-opacity":"","overlay-gradient":""}},"ast-content-background-meta":{"desktop":{"background-color":"var(--ast-global-color-5)","background-image":"","background-repeat":"repeat","background-position":"center center","background-size":"auto","background-attachment":"scroll","background-type":"","background-media":"","overlay-type":"","overlay-color":"","overlay-opacity":"","overlay-gradient":""},"tablet":{"background-color":"var(--ast-global-color-5)","background-image":"","background-repeat":"repeat","background-position":"center center","background-size":"auto","background-attachment":"scroll","background-type":"","background-media":"","overlay-type":"","overlay-color":"","overlay-opacity":"","overlay-gradient":""},"mobile":{"background-color":"var(--ast-global-color-5)","background-image":"","background-repeat":"repeat","background-position":"center center","background-size":"auto","background-attachment":"scroll","background-type":"","background-media":"","overlay-type":"","overlay-color":"","overlay-opacity":"","overlay-gradient":""}}},"pwb-brand":[1026],"product_brand":[],"product_cat":[854,885],"product_tag":[],"class_list":{"0":"post-44034","1":"product","2":"type-product","3":"status-publish","4":"has-post-thumbnail","6":"pwb-brand-lanarte","7":"product_cat-kituri","8":"product_cat-tablouri","9":"desktop-align-left","10":"tablet-align-left","11":"mobile-align-left","12":"ast-product-gallery-layout-horizontal-slider","13":"ast-product-gallery-with-no-image","14":"ast-magnify-disabled","15":"ast-product-tabs-layout-horizontal","17":"first","18":"instock","19":"sale","20":"shipping-taxable","21":"purchasable","22":"product-type-simple"},"brands":[{"id":1026,"name":"Lanarte","slug":"lanarte"}],"_links":{"self":[{"href":"https:\/\/goblenart.ro\/en\/wp-json\/wp\/v2\/product\/44034","targetHints":{"allow":["GET"]}}],"collection":[{"href":"https:\/\/goblenart.ro\/en\/wp-json\/wp\/v2\/product"}],"about":[{"href":"https:\/\/goblenart.ro\/en\/wp-json\/wp\/v2\/types\/product"}],"version-history":[{"count":0,"href":"https:\/\/goblenart.ro\/en\/wp-json\/wp\/v2\/product\/44034\/revisions"}],"wp:featuredmedia":[{"embeddable":true,"href":"https:\/\/goblenart.ro\/en\/wp-json\/wp\/v2\/media\/44035"}],"wp:attachment":[{"href":"https:\/\/goblenart.ro\/en\/wp-json\/wp\/v2\/media?parent=44034"}],"wp:term":[{"taxonomy":"pwb-brand","embeddable":true,"href":"https:\/\/goblenart.ro\/en\/wp-json\/wp\/v2\/pwb-brand?post=44034"},{"taxonomy":"product_brand","embeddable":true,"href":"https:\/\/goblenart.ro\/en\/wp-json\/wp\/v2\/product_brand?post=44034"},{"taxonomy":"product_cat","embeddable":true,"href":"https:\/\/goblenart.ro\/en\/wp-json\/wp\/v2\/product_cat?post=44034"},{"taxonomy":"product_tag","embeddable":true,"href":"https:\/\/goblenart.ro\/en\/wp-json\/wp\/v2\/product_tag?post=44034"}],"curies":[{"name":"wp","href":"https:\/\/api.w.org\/{rel}","templated":true}]}}