
{"id":45070,"date":"2022-06-14T08:10:09","date_gmt":"2022-06-14T06:10:09","guid":{"rendered":"https:\/\/goblenart.ro\/?post_type=product&#038;p=45070"},"modified":"2025-03-04T11:53:41","modified_gmt":"2025-03-04T09:53:41","slug":"kit-pentru-napron","status":"publish","type":"product","link":"https:\/\/goblenart.ro\/en\/produs\/kit-pentru-napron\/","title":{"rendered":"Kit pentru napron"},"content":{"rendered":"<p>Con\u021binut kit : p\u00e2nz\u0103 din bumbac, cu desen imprimat care dispare la sp\u0103lat, ac special, fire mouline bbc100% marca DMC, instruc\u021biuni de lucru \u0219i imagine color. Modelul se lucreaz\u0103 \u00een punct de contur, pas plat, cus\u0103tur\u0103 lung\u0103, punct de nod, punct rapid \u0219i punct \u021besut. Dimensiunile napronului sunt cca 38 x 142 cm.<\/p>\n","protected":false},"excerpt":{"rendered":"<p>Con\u021binut kit : p\u00e2nz\u0103 din bumbac, cu desen imprimat care dispare la sp\u0103lat, ac special, fire mouline bbc100% marca DMC, instruc\u021biuni de lucru \u0219i imagine color. Modelul se lucreaz\u0103 \u00een punct de contur, pas plat, cus\u0103tur\u0103 lung\u0103, punct de nod, punct rapid \u0219i punct \u021besut. Dimensiunile napronului sunt cca 38 x 142 cm.<\/p>\n","protected":false},"featured_media":45071,"template":"","meta":{"site-sidebar-layout":"default","site-content-layout":"default","ast-site-content-layout":"default","site-content-style":"default","site-sidebar-style":"default","ast-global-header-display":"","ast-banner-title-visibility":"","ast-main-header-display":"","ast-hfb-above-header-display":"","ast-hfb-below-header-display":"","ast-hfb-mobile-header-display":"","site-post-title":"","ast-breadcrumbs-content":"","ast-featured-img":"","footer-sml-layout":"","ast-disable-related-posts":"","theme-transparent-header-meta":"default","adv-header-id-meta":"","stick-header-meta":"default","header-above-stick-meta":"","header-main-stick-meta":"","header-below-stick-meta":"","astra-migrate-meta-layouts":"default","ast-page-background-enabled":"default","ast-page-background-meta":{"desktop":{"background-color":"","background-image":"","background-repeat":"repeat","background-position":"center center","background-size":"auto","background-attachment":"scroll","background-type":"","background-media":"","overlay-type":"","overlay-color":"","overlay-opacity":"","overlay-gradient":""},"tablet":{"background-color":"","background-image":"","background-repeat":"repeat","background-position":"center center","background-size":"auto","background-attachment":"scroll","background-type":"","background-media":"","overlay-type":"","overlay-color":"","overlay-opacity":"","overlay-gradient":""},"mobile":{"background-color":"","background-image":"","background-repeat":"repeat","background-position":"center center","background-size":"auto","background-attachment":"scroll","background-type":"","background-media":"","overlay-type":"","overlay-color":"","overlay-opacity":"","overlay-gradient":""}},"ast-content-background-meta":{"desktop":{"background-color":"var(--ast-global-color-5)","background-image":"","background-repeat":"repeat","background-position":"center center","background-size":"auto","background-attachment":"scroll","background-type":"","background-media":"","overlay-type":"","overlay-color":"","overlay-opacity":"","overlay-gradient":""},"tablet":{"background-color":"var(--ast-global-color-5)","background-image":"","background-repeat":"repeat","background-position":"center center","background-size":"auto","background-attachment":"scroll","background-type":"","background-media":"","overlay-type":"","overlay-color":"","overlay-opacity":"","overlay-gradient":""},"mobile":{"background-color":"var(--ast-global-color-5)","background-image":"","background-repeat":"repeat","background-position":"center center","background-size":"auto","background-attachment":"scroll","background-type":"","background-media":"","overlay-type":"","overlay-color":"","overlay-opacity":"","overlay-gradient":""}}},"pwb-brand":[1031,1534],"product_brand":[],"product_cat":[854,892,894],"product_tag":[],"class_list":{"0":"post-45070","1":"product","2":"type-product","3":"status-publish","4":"has-post-thumbnail","6":"pwb-brand-produse-goblenart","7":"pwb-brand-new-vervaco","8":"product_cat-kituri","9":"product_cat-seturi-de-masa","10":"product_cat-traverse-de-masa","11":"desktop-align-left","12":"tablet-align-left","13":"mobile-align-left","14":"ast-product-gallery-layout-horizontal-slider","15":"ast-magnify-disabled","16":"ast-product-tabs-layout-horizontal","18":"first","19":"instock","20":"sale","21":"shipping-taxable","22":"purchasable","23":"product-type-simple"},"brands":[{"id":1031,"name":"GoblenArt","slug":"produse-goblenart"},{"id":1534,"name":"Vervaco","slug":"new-vervaco"}],"_links":{"self":[{"href":"https:\/\/goblenart.ro\/en\/wp-json\/wp\/v2\/product\/45070","targetHints":{"allow":["GET"]}}],"collection":[{"href":"https:\/\/goblenart.ro\/en\/wp-json\/wp\/v2\/product"}],"about":[{"href":"https:\/\/goblenart.ro\/en\/wp-json\/wp\/v2\/types\/product"}],"version-history":[{"count":0,"href":"https:\/\/goblenart.ro\/en\/wp-json\/wp\/v2\/product\/45070\/revisions"}],"wp:featuredmedia":[{"embeddable":true,"href":"https:\/\/goblenart.ro\/en\/wp-json\/wp\/v2\/media\/45071"}],"wp:attachment":[{"href":"https:\/\/goblenart.ro\/en\/wp-json\/wp\/v2\/media?parent=45070"}],"wp:term":[{"taxonomy":"pwb-brand","embeddable":true,"href":"https:\/\/goblenart.ro\/en\/wp-json\/wp\/v2\/pwb-brand?post=45070"},{"taxonomy":"product_brand","embeddable":true,"href":"https:\/\/goblenart.ro\/en\/wp-json\/wp\/v2\/product_brand?post=45070"},{"taxonomy":"product_cat","embeddable":true,"href":"https:\/\/goblenart.ro\/en\/wp-json\/wp\/v2\/product_cat?post=45070"},{"taxonomy":"product_tag","embeddable":true,"href":"https:\/\/goblenart.ro\/en\/wp-json\/wp\/v2\/product_tag?post=45070"}],"curies":[{"name":"wp","href":"https:\/\/api.w.org\/{rel}","templated":true}]}}