
{"id":45297,"date":"2022-08-08T15:44:14","date_gmt":"2022-08-08T13:44:14","guid":{"rendered":"https:\/\/goblenart.ro\/?post_type=product&#038;p=45297"},"modified":"2022-08-08T15:57:57","modified_gmt":"2022-08-08T13:57:57","slug":"set-cu-accesorii-pentru-tricotat","status":"publish","type":"product","link":"https:\/\/goblenart.ro\/en\/produs\/set-cu-accesorii-pentru-tricotat\/","title":{"rendered":"Set cu accesorii pentru tricotat"},"content":{"rendered":"<p>Set cu accesorii pentru tricotat, format din centimetru tip rulet\u0103 \u0219i cutie cu bolduri \u0219i cartel\u0103 plasticat\u0103, pentru organizarea diferitelor\u00a0 grosimi de fire sau identificarea grosimii acelor de tricotat sau cro\u0219etat. Se comercializeaz\u0103 \u00een dou\u0103 variante de culoare, roz \u0219i gri. Men\u021bion\u0103m c\u0103 pre\u021bul prezentat este pentru un singur set rulet\u0103\/cutiu\u021b\u0103.<\/p>\n","protected":false},"excerpt":{"rendered":"<p>Set cu accesorii pentru tricotat, format din centimetru tip rulet\u0103 \u0219i cutie cu bolduri \u0219i cartel\u0103 plasticat\u0103, pentru organizarea diferitelor\u00a0 grosimi de fire sau identificarea grosimii acelor de tricotat sau cro\u0219etat. Se comercializeaz\u0103 \u00een dou\u0103 variante de culoare, roz \u0219i gri. Men\u021bion\u0103m c\u0103 pre\u021bul prezentat este pentru un singur set rulet\u0103\/cutiu\u021b\u0103.<\/p>\n","protected":false},"featured_media":45298,"template":"","meta":{"site-sidebar-layout":"default","site-content-layout":"default","ast-site-content-layout":"default","site-content-style":"default","site-sidebar-style":"default","ast-global-header-display":"","ast-banner-title-visibility":"","ast-main-header-display":"","ast-hfb-above-header-display":"","ast-hfb-below-header-display":"","ast-hfb-mobile-header-display":"","site-post-title":"","ast-breadcrumbs-content":"","ast-featured-img":"","footer-sml-layout":"","ast-disable-related-posts":"","theme-transparent-header-meta":"default","adv-header-id-meta":"","stick-header-meta":"default","header-above-stick-meta":"","header-main-stick-meta":"","header-below-stick-meta":"","astra-migrate-meta-layouts":"default","ast-page-background-enabled":"default","ast-page-background-meta":{"desktop":{"background-color":"","background-image":"","background-repeat":"repeat","background-position":"center center","background-size":"auto","background-attachment":"scroll","background-type":"","background-media":"","overlay-type":"","overlay-color":"","overlay-opacity":"","overlay-gradient":""},"tablet":{"background-color":"","background-image":"","background-repeat":"repeat","background-position":"center center","background-size":"auto","background-attachment":"scroll","background-type":"","background-media":"","overlay-type":"","overlay-color":"","overlay-opacity":"","overlay-gradient":""},"mobile":{"background-color":"","background-image":"","background-repeat":"repeat","background-position":"center center","background-size":"auto","background-attachment":"scroll","background-type":"","background-media":"","overlay-type":"","overlay-color":"","overlay-opacity":"","overlay-gradient":""}},"ast-content-background-meta":{"desktop":{"background-color":"var(--ast-global-color-5)","background-image":"","background-repeat":"repeat","background-position":"center center","background-size":"auto","background-attachment":"scroll","background-type":"","background-media":"","overlay-type":"","overlay-color":"","overlay-opacity":"","overlay-gradient":""},"tablet":{"background-color":"var(--ast-global-color-5)","background-image":"","background-repeat":"repeat","background-position":"center center","background-size":"auto","background-attachment":"scroll","background-type":"","background-media":"","overlay-type":"","overlay-color":"","overlay-opacity":"","overlay-gradient":""},"mobile":{"background-color":"var(--ast-global-color-5)","background-image":"","background-repeat":"repeat","background-position":"center center","background-size":"auto","background-attachment":"scroll","background-type":"","background-media":"","overlay-type":"","overlay-color":"","overlay-opacity":"","overlay-gradient":""}}},"pwb-brand":[1022],"product_brand":[],"product_cat":[851,1043],"product_tag":[],"class_list":{"0":"post-45297","1":"product","2":"type-product","3":"status-publish","4":"has-post-thumbnail","6":"pwb-brand-dmc","7":"product_cat-accesorii","8":"product_cat-de-crosetat-si-tricotat","9":"desktop-align-left","10":"tablet-align-left","11":"mobile-align-left","12":"ast-product-gallery-layout-horizontal-slider","13":"ast-magnify-disabled","14":"ast-product-tabs-layout-horizontal","16":"first","17":"instock","18":"shipping-taxable","19":"product-type-grouped"},"brands":[{"id":1022,"name":"DMC","slug":"dmc"}],"_links":{"self":[{"href":"https:\/\/goblenart.ro\/en\/wp-json\/wp\/v2\/product\/45297","targetHints":{"allow":["GET"]}}],"collection":[{"href":"https:\/\/goblenart.ro\/en\/wp-json\/wp\/v2\/product"}],"about":[{"href":"https:\/\/goblenart.ro\/en\/wp-json\/wp\/v2\/types\/product"}],"version-history":[{"count":0,"href":"https:\/\/goblenart.ro\/en\/wp-json\/wp\/v2\/product\/45297\/revisions"}],"wp:featuredmedia":[{"embeddable":true,"href":"https:\/\/goblenart.ro\/en\/wp-json\/wp\/v2\/media\/45298"}],"wp:attachment":[{"href":"https:\/\/goblenart.ro\/en\/wp-json\/wp\/v2\/media?parent=45297"}],"wp:term":[{"taxonomy":"pwb-brand","embeddable":true,"href":"https:\/\/goblenart.ro\/en\/wp-json\/wp\/v2\/pwb-brand?post=45297"},{"taxonomy":"product_brand","embeddable":true,"href":"https:\/\/goblenart.ro\/en\/wp-json\/wp\/v2\/product_brand?post=45297"},{"taxonomy":"product_cat","embeddable":true,"href":"https:\/\/goblenart.ro\/en\/wp-json\/wp\/v2\/product_cat?post=45297"},{"taxonomy":"product_tag","embeddable":true,"href":"https:\/\/goblenart.ro\/en\/wp-json\/wp\/v2\/product_tag?post=45297"}],"curies":[{"name":"wp","href":"https:\/\/api.w.org\/{rel}","templated":true}]}}