
{"id":46982,"date":"2023-04-18T14:55:47","date_gmt":"2023-04-18T12:55:47","guid":{"rendered":"https:\/\/goblenart.ro\/?post_type=product&#038;p=46982"},"modified":"2023-04-19T10:52:36","modified_gmt":"2023-04-19T08:52:36","slug":"camasa-nationala-kit-19","status":"publish","type":"product","link":"https:\/\/goblenart.ro\/en\/produs\/camasa-nationala-kit-19\/","title":{"rendered":"C\u0103ma\u0219\u0103 na\u021bional\u0103 &#8211; kit"},"content":{"rendered":"<p>Kitul con\u0163ine: p\u00e2nz\u0103 din bumbac, cu 11 fire \/cm., care dup\u0103 sp\u0103lare intr\u0103 la ap\u0103 \u015fi devine foarte apropiat\u0103, ca aspect, de p\u00e2nza de cas\u0103, fir mouline special DMC art. 117, ac special cu v\u00e2rf bont \u015fi ureche alungit\u0103 nr. 26, diagram\u0103, instruc\u0163iuni de lucru \u015fi imagine color.<\/p>\n<p><strong>ATEN\u021aIE! Kitul este un pachet cu materialele necesare pentru ca d-voastr\u0103 s\u0103 v\u0103 lucra\u021bi cama\u0219a cu m\u00e2na d-voastr\u0103 \u0219i nu con\u021bine fir pentru cro\u0219etat!<br \/>\nAcest produs este disponibil doar la comand\u0103.<\/strong><\/p>\n","protected":false},"excerpt":{"rendered":"<p>Kitul con\u0163ine: p\u00e2nz\u0103 din bumbac, cu 11 fire \/cm., care dup\u0103 sp\u0103lare intr\u0103 la ap\u0103 \u015fi devine foarte apropiat\u0103, ca aspect, de p\u00e2nza de cas\u0103, fir mouline special DMC art. 117, ac special cu v\u00e2rf bont \u015fi ureche alungit\u0103 nr. 26, diagram\u0103, instruc\u0163iuni de lucru \u015fi imagine color. ATEN\u021aIE! Kitul este un pachet cu materialele [&hellip;]<\/p>\n","protected":false},"featured_media":46988,"template":"","meta":{"site-sidebar-layout":"default","site-content-layout":"default","ast-site-content-layout":"default","site-content-style":"default","site-sidebar-style":"default","ast-global-header-display":"","ast-banner-title-visibility":"","ast-main-header-display":"","ast-hfb-above-header-display":"","ast-hfb-below-header-display":"","ast-hfb-mobile-header-display":"","site-post-title":"","ast-breadcrumbs-content":"","ast-featured-img":"","footer-sml-layout":"","ast-disable-related-posts":"","theme-transparent-header-meta":"default","adv-header-id-meta":"","stick-header-meta":"default","header-above-stick-meta":"","header-main-stick-meta":"","header-below-stick-meta":"","astra-migrate-meta-layouts":"default","ast-page-background-enabled":"default","ast-page-background-meta":{"desktop":{"background-color":"","background-image":"","background-repeat":"repeat","background-position":"center center","background-size":"auto","background-attachment":"scroll","background-type":"","background-media":"","overlay-type":"","overlay-color":"","overlay-opacity":"","overlay-gradient":""},"tablet":{"background-color":"","background-image":"","background-repeat":"repeat","background-position":"center center","background-size":"auto","background-attachment":"scroll","background-type":"","background-media":"","overlay-type":"","overlay-color":"","overlay-opacity":"","overlay-gradient":""},"mobile":{"background-color":"","background-image":"","background-repeat":"repeat","background-position":"center center","background-size":"auto","background-attachment":"scroll","background-type":"","background-media":"","overlay-type":"","overlay-color":"","overlay-opacity":"","overlay-gradient":""}},"ast-content-background-meta":{"desktop":{"background-color":"var(--ast-global-color-5)","background-image":"","background-repeat":"repeat","background-position":"center center","background-size":"auto","background-attachment":"scroll","background-type":"","background-media":"","overlay-type":"","overlay-color":"","overlay-opacity":"","overlay-gradient":""},"tablet":{"background-color":"var(--ast-global-color-5)","background-image":"","background-repeat":"repeat","background-position":"center center","background-size":"auto","background-attachment":"scroll","background-type":"","background-media":"","overlay-type":"","overlay-color":"","overlay-opacity":"","overlay-gradient":""},"mobile":{"background-color":"var(--ast-global-color-5)","background-image":"","background-repeat":"repeat","background-position":"center center","background-size":"auto","background-attachment":"scroll","background-type":"","background-media":"","overlay-type":"","overlay-color":"","overlay-opacity":"","overlay-gradient":""}}},"pwb-brand":[1025],"product_brand":[],"product_cat":[916,913,854,912],"product_tag":[],"class_list":{"0":"post-46982","1":"product","2":"type-product","3":"status-publish","4":"has-post-thumbnail","6":"pwb-brand-goblenart-traditional","7":"product_cat-c","8":"product_cat-camasi-ii-nationale","9":"product_cat-kituri","10":"product_cat-traditional","11":"desktop-align-left","12":"tablet-align-left","13":"mobile-align-left","14":"ast-product-gallery-layout-horizontal-slider","15":"ast-magnify-disabled","16":"ast-product-tabs-layout-horizontal","18":"first","19":"instock","20":"shipping-taxable","21":"purchasable","22":"product-type-simple"},"brands":[{"id":1025,"name":"GoblenArt Traditional","slug":"goblenart-traditional"}],"_links":{"self":[{"href":"https:\/\/goblenart.ro\/en\/wp-json\/wp\/v2\/product\/46982","targetHints":{"allow":["GET"]}}],"collection":[{"href":"https:\/\/goblenart.ro\/en\/wp-json\/wp\/v2\/product"}],"about":[{"href":"https:\/\/goblenart.ro\/en\/wp-json\/wp\/v2\/types\/product"}],"version-history":[{"count":0,"href":"https:\/\/goblenart.ro\/en\/wp-json\/wp\/v2\/product\/46982\/revisions"}],"wp:featuredmedia":[{"embeddable":true,"href":"https:\/\/goblenart.ro\/en\/wp-json\/wp\/v2\/media\/46988"}],"wp:attachment":[{"href":"https:\/\/goblenart.ro\/en\/wp-json\/wp\/v2\/media?parent=46982"}],"wp:term":[{"taxonomy":"pwb-brand","embeddable":true,"href":"https:\/\/goblenart.ro\/en\/wp-json\/wp\/v2\/pwb-brand?post=46982"},{"taxonomy":"product_brand","embeddable":true,"href":"https:\/\/goblenart.ro\/en\/wp-json\/wp\/v2\/product_brand?post=46982"},{"taxonomy":"product_cat","embeddable":true,"href":"https:\/\/goblenart.ro\/en\/wp-json\/wp\/v2\/product_cat?post=46982"},{"taxonomy":"product_tag","embeddable":true,"href":"https:\/\/goblenart.ro\/en\/wp-json\/wp\/v2\/product_tag?post=46982"}],"curies":[{"name":"wp","href":"https:\/\/api.w.org\/{rel}","templated":true}]}}