
{"id":48524,"date":"2024-01-26T13:26:44","date_gmt":"2024-01-26T11:26:44","guid":{"rendered":"https:\/\/goblenart.ro\/?post_type=product&#038;p=48524"},"modified":"2025-12-12T11:57:09","modified_gmt":"2025-12-12T09:57:09","slug":"maci-kit-complet-3","status":"publish","type":"product","link":"https:\/\/goblenart.ro\/en\/produs\/maci-kit-complet-3\/","title":{"rendered":"Maci &#8211; kit complet"},"content":{"rendered":"<p>Colec\u021bia de modele \u00een punct de cruciuli\u021b\u0103 creat\u0103 de artista Marjolein Bastin s-a \u00eembog\u0103\u021bit cu o serie de modele care ne aduc \u00een case toat\u0103 frumuse\u021bea florilor de c\u00e2mp. Maci &#8211; este unul din modelele acestei colec\u021bii care prezint\u0103 macii \u00eentr-un mod absolut sublim, \u00eempleti\u021bi cu alb\u0103strele \u0219i m\u00e2ng\u00e2ia\u021b\u00ee de b\u0103t\u0103ile aripilor de fluture. Modelul se lucreaz\u0103 \u00een punct de cruciuli\u021b\u0103 \u0219i punct de contur, pe p\u00e2nz\u0103 unifil 100% bumbac cu 10,5fire\/cm. cu fir mouline special DMC. Kitul mai con\u021bine diagram\u0103, ac cu v\u00e2rf bont \u0219i ureche alungit\u0103, instruc\u021biuni de lucru \u0219i imagine color. Dimensiune model 24 x 29 cm.<\/p>\n","protected":false},"excerpt":{"rendered":"<p>Colec\u021bia de modele \u00een punct de cruciuli\u021b\u0103 creat\u0103 de artista Marjolein Bastin s-a \u00eembog\u0103\u021bit cu o serie de modele care ne aduc \u00een case toat\u0103 frumuse\u021bea florilor de c\u00e2mp. Maci &#8211; este unul din modelele acestei colec\u021bii care prezint\u0103 macii \u00eentr-un mod absolut sublim, \u00eempleti\u021bi cu alb\u0103strele \u0219i m\u00e2ng\u00e2ia\u021b\u00ee de b\u0103t\u0103ile aripilor de fluture. Modelul [&hellip;]<\/p>\n","protected":false},"featured_media":48526,"template":"","meta":{"site-sidebar-layout":"default","site-content-layout":"","ast-site-content-layout":"default","site-content-style":"default","site-sidebar-style":"default","ast-global-header-display":"","ast-banner-title-visibility":"","ast-main-header-display":"","ast-hfb-above-header-display":"","ast-hfb-below-header-display":"","ast-hfb-mobile-header-display":"","site-post-title":"","ast-breadcrumbs-content":"","ast-featured-img":"","footer-sml-layout":"","ast-disable-related-posts":"","theme-transparent-header-meta":"default","adv-header-id-meta":"","stick-header-meta":"default","header-above-stick-meta":"","header-main-stick-meta":"","header-below-stick-meta":"","astra-migrate-meta-layouts":"set","ast-page-background-enabled":"default","ast-page-background-meta":{"desktop":{"background-color":"","background-image":"","background-repeat":"repeat","background-position":"center center","background-size":"auto","background-attachment":"scroll","background-type":"","background-media":"","overlay-type":"","overlay-color":"","overlay-opacity":"","overlay-gradient":""},"tablet":{"background-color":"","background-image":"","background-repeat":"repeat","background-position":"center center","background-size":"auto","background-attachment":"scroll","background-type":"","background-media":"","overlay-type":"","overlay-color":"","overlay-opacity":"","overlay-gradient":""},"mobile":{"background-color":"","background-image":"","background-repeat":"repeat","background-position":"center center","background-size":"auto","background-attachment":"scroll","background-type":"","background-media":"","overlay-type":"","overlay-color":"","overlay-opacity":"","overlay-gradient":""}},"ast-content-background-meta":{"desktop":{"background-color":"var(--ast-global-color-5)","background-image":"","background-repeat":"repeat","background-position":"center center","background-size":"auto","background-attachment":"scroll","background-type":"","background-media":"","overlay-type":"","overlay-color":"","overlay-opacity":"","overlay-gradient":""},"tablet":{"background-color":"var(--ast-global-color-5)","background-image":"","background-repeat":"repeat","background-position":"center center","background-size":"auto","background-attachment":"scroll","background-type":"","background-media":"","overlay-type":"","overlay-color":"","overlay-opacity":"","overlay-gradient":""},"mobile":{"background-color":"var(--ast-global-color-5)","background-image":"","background-repeat":"repeat","background-position":"center center","background-size":"auto","background-attachment":"scroll","background-type":"","background-media":"","overlay-type":"","overlay-color":"","overlay-opacity":"","overlay-gradient":""}}},"pwb-brand":[1031,1026],"product_brand":[],"product_cat":[854,885],"product_tag":[],"class_list":{"0":"post-48524","1":"product","2":"type-product","3":"status-publish","4":"has-post-thumbnail","6":"pwb-brand-produse-goblenart","7":"pwb-brand-lanarte","8":"product_cat-kituri","9":"product_cat-tablouri","10":"desktop-align-left","11":"tablet-align-left","12":"mobile-align-left","13":"ast-product-gallery-layout-horizontal-slider","14":"ast-product-gallery-with-no-image","15":"ast-magnify-disabled","16":"ast-product-tabs-layout-horizontal","18":"first","19":"instock","20":"sale","21":"shipping-taxable","22":"purchasable","23":"product-type-simple"},"brands":[{"id":1031,"name":"GoblenArt","slug":"produse-goblenart"},{"id":1026,"name":"Lanarte","slug":"lanarte"}],"_links":{"self":[{"href":"https:\/\/goblenart.ro\/en\/wp-json\/wp\/v2\/product\/48524","targetHints":{"allow":["GET"]}}],"collection":[{"href":"https:\/\/goblenart.ro\/en\/wp-json\/wp\/v2\/product"}],"about":[{"href":"https:\/\/goblenart.ro\/en\/wp-json\/wp\/v2\/types\/product"}],"version-history":[{"count":0,"href":"https:\/\/goblenart.ro\/en\/wp-json\/wp\/v2\/product\/48524\/revisions"}],"wp:featuredmedia":[{"embeddable":true,"href":"https:\/\/goblenart.ro\/en\/wp-json\/wp\/v2\/media\/48526"}],"wp:attachment":[{"href":"https:\/\/goblenart.ro\/en\/wp-json\/wp\/v2\/media?parent=48524"}],"wp:term":[{"taxonomy":"pwb-brand","embeddable":true,"href":"https:\/\/goblenart.ro\/en\/wp-json\/wp\/v2\/pwb-brand?post=48524"},{"taxonomy":"product_brand","embeddable":true,"href":"https:\/\/goblenart.ro\/en\/wp-json\/wp\/v2\/product_brand?post=48524"},{"taxonomy":"product_cat","embeddable":true,"href":"https:\/\/goblenart.ro\/en\/wp-json\/wp\/v2\/product_cat?post=48524"},{"taxonomy":"product_tag","embeddable":true,"href":"https:\/\/goblenart.ro\/en\/wp-json\/wp\/v2\/product_tag?post=48524"}],"curies":[{"name":"wp","href":"https:\/\/api.w.org\/{rel}","templated":true}]}}