
{"id":50120,"date":"2024-06-07T13:45:04","date_gmt":"2024-06-07T11:45:04","guid":{"rendered":"https:\/\/goblenart.ro\/?post_type=product&#038;p=50120"},"modified":"2024-06-07T13:48:27","modified_gmt":"2024-06-07T11:48:27","slug":"camasa-cu-margele","status":"publish","type":"product","link":"https:\/\/goblenart.ro\/en\/produs\/camasa-cu-margele\/","title":{"rendered":"C\u0103ma\u0219\u0103 cu m\u0103rgele &#8211; UNICAT"},"content":{"rendered":"<p>\/C\u0103ma\u0219\u0103 pentru b\u0103ie\u021bi, cusut\u0103 manual cu m\u0103rgele negre \u0219i ro\u0219ii, pe p\u00e2nz\u0103 unifil DMC DM549A, finisat\u0103 manual la guler, umeri \u0219i man\u0219ete cu fir din m\u0103tase neagr\u0103. M\u0103rime c\u0103ma\u0219\u0103 11-12 ani<\/p>\n","protected":false},"excerpt":{"rendered":"<p>\/C\u0103ma\u0219\u0103 pentru b\u0103ie\u021bi, cusut\u0103 manual cu m\u0103rgele negre \u0219i ro\u0219ii, pe p\u00e2nz\u0103 unifil DMC DM549A, finisat\u0103 manual la guler, umeri \u0219i man\u0219ete cu fir din m\u0103tase neagr\u0103. M\u0103rime c\u0103ma\u0219\u0103 11-12 ani<\/p>\n","protected":false},"featured_media":50110,"template":"","meta":{"site-sidebar-layout":"default","site-content-layout":"","ast-site-content-layout":"default","site-content-style":"default","site-sidebar-style":"default","ast-global-header-display":"","ast-banner-title-visibility":"","ast-main-header-display":"","ast-hfb-above-header-display":"","ast-hfb-below-header-display":"","ast-hfb-mobile-header-display":"","site-post-title":"","ast-breadcrumbs-content":"","ast-featured-img":"","footer-sml-layout":"","ast-disable-related-posts":"","theme-transparent-header-meta":"default","adv-header-id-meta":"","stick-header-meta":"default","header-above-stick-meta":"","header-main-stick-meta":"","header-below-stick-meta":"","astra-migrate-meta-layouts":"set","ast-page-background-enabled":"default","ast-page-background-meta":{"desktop":{"background-color":"","background-image":"","background-repeat":"repeat","background-position":"center center","background-size":"auto","background-attachment":"scroll","background-type":"","background-media":"","overlay-type":"","overlay-color":"","overlay-opacity":"","overlay-gradient":""},"tablet":{"background-color":"","background-image":"","background-repeat":"repeat","background-position":"center center","background-size":"auto","background-attachment":"scroll","background-type":"","background-media":"","overlay-type":"","overlay-color":"","overlay-opacity":"","overlay-gradient":""},"mobile":{"background-color":"","background-image":"","background-repeat":"repeat","background-position":"center center","background-size":"auto","background-attachment":"scroll","background-type":"","background-media":"","overlay-type":"","overlay-color":"","overlay-opacity":"","overlay-gradient":""}},"ast-content-background-meta":{"desktop":{"background-color":"var(--ast-global-color-5)","background-image":"","background-repeat":"repeat","background-position":"center center","background-size":"auto","background-attachment":"scroll","background-type":"","background-media":"","overlay-type":"","overlay-color":"","overlay-opacity":"","overlay-gradient":""},"tablet":{"background-color":"var(--ast-global-color-5)","background-image":"","background-repeat":"repeat","background-position":"center center","background-size":"auto","background-attachment":"scroll","background-type":"","background-media":"","overlay-type":"","overlay-color":"","overlay-opacity":"","overlay-gradient":""},"mobile":{"background-color":"var(--ast-global-color-5)","background-image":"","background-repeat":"repeat","background-position":"center center","background-size":"auto","background-attachment":"scroll","background-type":"","background-media":"","overlay-type":"","overlay-color":"","overlay-opacity":"","overlay-gradient":""}}},"pwb-brand":[1025],"product_brand":[],"product_cat":[913,912],"product_tag":[],"class_list":{"0":"post-50120","1":"product","2":"type-product","3":"status-publish","4":"has-post-thumbnail","6":"pwb-brand-goblenart-traditional","7":"product_cat-camasi-ii-nationale","8":"product_cat-traditional","9":"desktop-align-left","10":"tablet-align-left","11":"mobile-align-left","12":"ast-product-gallery-layout-horizontal-slider","13":"ast-product-gallery-with-no-image","14":"ast-magnify-disabled","15":"ast-product-tabs-layout-horizontal","17":"first","18":"instock","19":"shipping-taxable","20":"purchasable","21":"product-type-simple"},"brands":[{"id":1025,"name":"GoblenArt Traditional","slug":"goblenart-traditional"}],"_links":{"self":[{"href":"https:\/\/goblenart.ro\/en\/wp-json\/wp\/v2\/product\/50120","targetHints":{"allow":["GET"]}}],"collection":[{"href":"https:\/\/goblenart.ro\/en\/wp-json\/wp\/v2\/product"}],"about":[{"href":"https:\/\/goblenart.ro\/en\/wp-json\/wp\/v2\/types\/product"}],"version-history":[{"count":0,"href":"https:\/\/goblenart.ro\/en\/wp-json\/wp\/v2\/product\/50120\/revisions"}],"wp:featuredmedia":[{"embeddable":true,"href":"https:\/\/goblenart.ro\/en\/wp-json\/wp\/v2\/media\/50110"}],"wp:attachment":[{"href":"https:\/\/goblenart.ro\/en\/wp-json\/wp\/v2\/media?parent=50120"}],"wp:term":[{"taxonomy":"pwb-brand","embeddable":true,"href":"https:\/\/goblenart.ro\/en\/wp-json\/wp\/v2\/pwb-brand?post=50120"},{"taxonomy":"product_brand","embeddable":true,"href":"https:\/\/goblenart.ro\/en\/wp-json\/wp\/v2\/product_brand?post=50120"},{"taxonomy":"product_cat","embeddable":true,"href":"https:\/\/goblenart.ro\/en\/wp-json\/wp\/v2\/product_cat?post=50120"},{"taxonomy":"product_tag","embeddable":true,"href":"https:\/\/goblenart.ro\/en\/wp-json\/wp\/v2\/product_tag?post=50120"}],"curies":[{"name":"wp","href":"https:\/\/api.w.org\/{rel}","templated":true}]}}