
{"id":51086,"date":"2024-12-17T16:01:20","date_gmt":"2024-12-17T14:01:20","guid":{"rendered":"https:\/\/goblenart.ro\/?post_type=product&#038;p=51086"},"modified":"2025-01-15T14:48:01","modified_gmt":"2025-01-15T12:48:01","slug":"ie-brodata-20","status":"publish","type":"product","link":"https:\/\/goblenart.ro\/en\/produs\/ie-brodata-20\/","title":{"rendered":"Ie brodat\u0103"},"content":{"rendered":"<p>Ie lucrat\u0103 manual la g\u00e2t \u0219i man\u0219ete cu motiv \u00een punct de fagure,pe material de in negru. Pentru un plus de elegan\u021b\u0103 am ad\u0103ugat \u0219i un motiv brodat. Men\u021bion\u0103m c\u0103 acest tip de croi permite purtarea iei cu umerii goi, transform\u00e2nd astfel un articol cu influen\u021b\u0103 tradi\u021bional\u0103 \u00eentr-o bluz\u0103 modern\u0103. M\u0103rimea produsului L<\/p>\n","protected":false},"excerpt":{"rendered":"<p>Ie lucrat\u0103 manual la g\u00e2t \u0219i man\u0219ete cu motiv \u00een punct de fagure,pe material de in negru. Pentru un plus de elegan\u021b\u0103 am ad\u0103ugat \u0219i un motiv brodat. Men\u021bion\u0103m c\u0103 acest tip de croi permite purtarea iei cu umerii goi, transform\u00e2nd astfel un articol cu influen\u021b\u0103 tradi\u021bional\u0103 \u00eentr-o bluz\u0103 modern\u0103. M\u0103rimea produsului L<\/p>\n","protected":false},"featured_media":51088,"template":"","meta":{"site-sidebar-layout":"default","site-content-layout":"","ast-site-content-layout":"default","site-content-style":"default","site-sidebar-style":"default","ast-global-header-display":"","ast-banner-title-visibility":"","ast-main-header-display":"","ast-hfb-above-header-display":"","ast-hfb-below-header-display":"","ast-hfb-mobile-header-display":"","site-post-title":"","ast-breadcrumbs-content":"","ast-featured-img":"","footer-sml-layout":"","ast-disable-related-posts":"","theme-transparent-header-meta":"default","adv-header-id-meta":"","stick-header-meta":"default","header-above-stick-meta":"","header-main-stick-meta":"","header-below-stick-meta":"","astra-migrate-meta-layouts":"set","ast-page-background-enabled":"default","ast-page-background-meta":{"desktop":{"background-color":"","background-image":"","background-repeat":"repeat","background-position":"center center","background-size":"auto","background-attachment":"scroll","background-type":"","background-media":"","overlay-type":"","overlay-color":"","overlay-opacity":"","overlay-gradient":""},"tablet":{"background-color":"","background-image":"","background-repeat":"repeat","background-position":"center center","background-size":"auto","background-attachment":"scroll","background-type":"","background-media":"","overlay-type":"","overlay-color":"","overlay-opacity":"","overlay-gradient":""},"mobile":{"background-color":"","background-image":"","background-repeat":"repeat","background-position":"center center","background-size":"auto","background-attachment":"scroll","background-type":"","background-media":"","overlay-type":"","overlay-color":"","overlay-opacity":"","overlay-gradient":""}},"ast-content-background-meta":{"desktop":{"background-color":"var(--ast-global-color-5)","background-image":"","background-repeat":"repeat","background-position":"center center","background-size":"auto","background-attachment":"scroll","background-type":"","background-media":"","overlay-type":"","overlay-color":"","overlay-opacity":"","overlay-gradient":""},"tablet":{"background-color":"var(--ast-global-color-5)","background-image":"","background-repeat":"repeat","background-position":"center center","background-size":"auto","background-attachment":"scroll","background-type":"","background-media":"","overlay-type":"","overlay-color":"","overlay-opacity":"","overlay-gradient":""},"mobile":{"background-color":"var(--ast-global-color-5)","background-image":"","background-repeat":"repeat","background-position":"center center","background-size":"auto","background-attachment":"scroll","background-type":"","background-media":"","overlay-type":"","overlay-color":"","overlay-opacity":"","overlay-gradient":""}}},"pwb-brand":[1025],"product_brand":[],"product_cat":[918,912],"product_tag":[],"class_list":{"0":"post-51086","1":"product","2":"type-product","3":"status-publish","4":"has-post-thumbnail","6":"pwb-brand-goblenart-traditional","7":"product_cat-altele","8":"product_cat-traditional","9":"desktop-align-left","10":"tablet-align-left","11":"mobile-align-left","12":"ast-product-gallery-layout-horizontal-slider","13":"ast-product-gallery-with-no-image","14":"ast-magnify-disabled","15":"ast-product-tabs-layout-horizontal","17":"first","18":"instock","19":"shipping-taxable","20":"purchasable","21":"product-type-simple"},"brands":[{"id":1025,"name":"GoblenArt Traditional","slug":"goblenart-traditional"}],"_links":{"self":[{"href":"https:\/\/goblenart.ro\/en\/wp-json\/wp\/v2\/product\/51086","targetHints":{"allow":["GET"]}}],"collection":[{"href":"https:\/\/goblenart.ro\/en\/wp-json\/wp\/v2\/product"}],"about":[{"href":"https:\/\/goblenart.ro\/en\/wp-json\/wp\/v2\/types\/product"}],"version-history":[{"count":0,"href":"https:\/\/goblenart.ro\/en\/wp-json\/wp\/v2\/product\/51086\/revisions"}],"wp:featuredmedia":[{"embeddable":true,"href":"https:\/\/goblenart.ro\/en\/wp-json\/wp\/v2\/media\/51088"}],"wp:attachment":[{"href":"https:\/\/goblenart.ro\/en\/wp-json\/wp\/v2\/media?parent=51086"}],"wp:term":[{"taxonomy":"pwb-brand","embeddable":true,"href":"https:\/\/goblenart.ro\/en\/wp-json\/wp\/v2\/pwb-brand?post=51086"},{"taxonomy":"product_brand","embeddable":true,"href":"https:\/\/goblenart.ro\/en\/wp-json\/wp\/v2\/product_brand?post=51086"},{"taxonomy":"product_cat","embeddable":true,"href":"https:\/\/goblenart.ro\/en\/wp-json\/wp\/v2\/product_cat?post=51086"},{"taxonomy":"product_tag","embeddable":true,"href":"https:\/\/goblenart.ro\/en\/wp-json\/wp\/v2\/product_tag?post=51086"}],"curies":[{"name":"wp","href":"https:\/\/api.w.org\/{rel}","templated":true}]}}