
{"id":51282,"date":"2025-01-23T16:25:12","date_gmt":"2025-01-23T14:25:12","guid":{"rendered":"https:\/\/goblenart.ro\/?post_type=product&#038;p=51282"},"modified":"2026-02-04T10:00:40","modified_gmt":"2026-02-04T08:00:40","slug":"fusta-brodata-38","status":"publish","type":"product","link":"https:\/\/goblenart.ro\/en\/produs\/fusta-brodata-38\/","title":{"rendered":"Fust\u0103 brodat\u0103"},"content":{"rendered":"<p>Fust\u0103 de catifea din bumbac 100%, croit\u0103 u\u0219or conic, cu fermoar lateral \u0219i \u0219li\u021b la spate. Este o fust\u0103 lejer\u0103, f\u0103r\u0103 bat\u0103, ornamentat\u0103 cu motiv floral \u00een partea de jos. Dimensiunile fustei sunt: talie 90cm., \u0219old 114cm., lungime 63cm.<\/p>\n","protected":false},"excerpt":{"rendered":"<p>Fust\u0103 de catifea din bumbac 100%, croit\u0103 u\u0219or conic, cu fermoar lateral \u0219i \u0219li\u021b la spate. Este o fust\u0103 lejer\u0103, f\u0103r\u0103 bat\u0103, ornamentat\u0103 cu motiv floral \u00een partea de jos. Dimensiunile fustei sunt: talie 90cm., \u0219old 114cm., lungime 63cm.<\/p>\n","protected":false},"featured_media":51290,"template":"","meta":{"site-sidebar-layout":"default","site-content-layout":"","ast-site-content-layout":"default","site-content-style":"default","site-sidebar-style":"default","ast-global-header-display":"","ast-banner-title-visibility":"","ast-main-header-display":"","ast-hfb-above-header-display":"","ast-hfb-below-header-display":"","ast-hfb-mobile-header-display":"","site-post-title":"","ast-breadcrumbs-content":"","ast-featured-img":"","footer-sml-layout":"","ast-disable-related-posts":"","theme-transparent-header-meta":"default","adv-header-id-meta":"","stick-header-meta":"default","header-above-stick-meta":"","header-main-stick-meta":"","header-below-stick-meta":"","astra-migrate-meta-layouts":"set","ast-page-background-enabled":"default","ast-page-background-meta":{"desktop":{"background-color":"","background-image":"","background-repeat":"repeat","background-position":"center center","background-size":"auto","background-attachment":"scroll","background-type":"","background-media":"","overlay-type":"","overlay-color":"","overlay-opacity":"","overlay-gradient":""},"tablet":{"background-color":"","background-image":"","background-repeat":"repeat","background-position":"center center","background-size":"auto","background-attachment":"scroll","background-type":"","background-media":"","overlay-type":"","overlay-color":"","overlay-opacity":"","overlay-gradient":""},"mobile":{"background-color":"","background-image":"","background-repeat":"repeat","background-position":"center center","background-size":"auto","background-attachment":"scroll","background-type":"","background-media":"","overlay-type":"","overlay-color":"","overlay-opacity":"","overlay-gradient":""}},"ast-content-background-meta":{"desktop":{"background-color":"var(--ast-global-color-5)","background-image":"","background-repeat":"repeat","background-position":"center center","background-size":"auto","background-attachment":"scroll","background-type":"","background-media":"","overlay-type":"","overlay-color":"","overlay-opacity":"","overlay-gradient":""},"tablet":{"background-color":"var(--ast-global-color-5)","background-image":"","background-repeat":"repeat","background-position":"center center","background-size":"auto","background-attachment":"scroll","background-type":"","background-media":"","overlay-type":"","overlay-color":"","overlay-opacity":"","overlay-gradient":""},"mobile":{"background-color":"var(--ast-global-color-5)","background-image":"","background-repeat":"repeat","background-position":"center center","background-size":"auto","background-attachment":"scroll","background-type":"","background-media":"","overlay-type":"","overlay-color":"","overlay-opacity":"","overlay-gradient":""}}},"pwb-brand":[1025],"product_brand":[],"product_cat":[923,922,908],"product_tag":[],"class_list":{"0":"post-51282","1":"product","2":"type-product","3":"status-publish","4":"has-post-thumbnail","6":"pwb-brand-goblenart-traditional","7":"product_cat-fuste","8":"product_cat-imbracaminte","9":"product_cat-noutati","10":"desktop-align-left","11":"tablet-align-left","12":"mobile-align-left","13":"ast-product-gallery-layout-horizontal-slider","14":"ast-product-gallery-with-no-image","15":"ast-magnify-disabled","16":"ast-product-tabs-layout-horizontal","18":"first","19":"instock","20":"shipping-taxable","21":"purchasable","22":"product-type-simple"},"brands":[{"id":1025,"name":"GoblenArt Traditional","slug":"goblenart-traditional"}],"_links":{"self":[{"href":"https:\/\/goblenart.ro\/en\/wp-json\/wp\/v2\/product\/51282","targetHints":{"allow":["GET"]}}],"collection":[{"href":"https:\/\/goblenart.ro\/en\/wp-json\/wp\/v2\/product"}],"about":[{"href":"https:\/\/goblenart.ro\/en\/wp-json\/wp\/v2\/types\/product"}],"version-history":[{"count":1,"href":"https:\/\/goblenart.ro\/en\/wp-json\/wp\/v2\/product\/51282\/revisions"}],"predecessor-version":[{"id":53950,"href":"https:\/\/goblenart.ro\/en\/wp-json\/wp\/v2\/product\/51282\/revisions\/53950"}],"wp:featuredmedia":[{"embeddable":true,"href":"https:\/\/goblenart.ro\/en\/wp-json\/wp\/v2\/media\/51290"}],"wp:attachment":[{"href":"https:\/\/goblenart.ro\/en\/wp-json\/wp\/v2\/media?parent=51282"}],"wp:term":[{"taxonomy":"pwb-brand","embeddable":true,"href":"https:\/\/goblenart.ro\/en\/wp-json\/wp\/v2\/pwb-brand?post=51282"},{"taxonomy":"product_brand","embeddable":true,"href":"https:\/\/goblenart.ro\/en\/wp-json\/wp\/v2\/product_brand?post=51282"},{"taxonomy":"product_cat","embeddable":true,"href":"https:\/\/goblenart.ro\/en\/wp-json\/wp\/v2\/product_cat?post=51282"},{"taxonomy":"product_tag","embeddable":true,"href":"https:\/\/goblenart.ro\/en\/wp-json\/wp\/v2\/product_tag?post=51282"}],"curies":[{"name":"wp","href":"https:\/\/api.w.org\/{rel}","templated":true}]}}