
{"id":51818,"date":"2025-04-25T08:58:34","date_gmt":"2025-04-25T06:58:34","guid":{"rendered":"https:\/\/goblenart.ro\/?post_type=product&#038;p=51818"},"modified":"2025-04-25T10:02:47","modified_gmt":"2025-04-25T08:02:47","slug":"servet-patrat-tematica-pascala","status":"publish","type":"product","link":"https:\/\/goblenart.ro\/en\/produs\/servet-patrat-tematica-pascala\/","title":{"rendered":"\u0218ervet p\u0103trat &#8211; tematic\u0103 Pascal\u0103"},"content":{"rendered":"<p>\u0218erve\u021bel pentru co\u0219ul de p\u00e2ine, diferite dimensiuni, cu broderie la ma\u0219in\u0103 \u0219i m\u0103rginit cu dantel\u0103 alb\u0103 din bumbac.<\/p>\n","protected":false},"excerpt":{"rendered":"<p>\u0218erve\u021bel pentru co\u0219ul de p\u00e2ine, diferite dimensiuni, cu broderie la ma\u0219in\u0103 \u0219i m\u0103rginit cu dantel\u0103 alb\u0103 din bumbac.<\/p>\n","protected":false},"featured_media":51785,"template":"","meta":{"site-sidebar-layout":"default","site-content-layout":"","ast-site-content-layout":"default","site-content-style":"default","site-sidebar-style":"default","ast-global-header-display":"","ast-banner-title-visibility":"","ast-main-header-display":"","ast-hfb-above-header-display":"","ast-hfb-below-header-display":"","ast-hfb-mobile-header-display":"","site-post-title":"","ast-breadcrumbs-content":"","ast-featured-img":"","footer-sml-layout":"","ast-disable-related-posts":"","theme-transparent-header-meta":"default","adv-header-id-meta":"","stick-header-meta":"default","header-above-stick-meta":"","header-main-stick-meta":"","header-below-stick-meta":"","astra-migrate-meta-layouts":"set","ast-page-background-enabled":"default","ast-page-background-meta":{"desktop":{"background-color":"","background-image":"","background-repeat":"repeat","background-position":"center center","background-size":"auto","background-attachment":"scroll","background-type":"","background-media":"","overlay-type":"","overlay-color":"","overlay-opacity":"","overlay-gradient":""},"tablet":{"background-color":"","background-image":"","background-repeat":"repeat","background-position":"center center","background-size":"auto","background-attachment":"scroll","background-type":"","background-media":"","overlay-type":"","overlay-color":"","overlay-opacity":"","overlay-gradient":""},"mobile":{"background-color":"","background-image":"","background-repeat":"repeat","background-position":"center center","background-size":"auto","background-attachment":"scroll","background-type":"","background-media":"","overlay-type":"","overlay-color":"","overlay-opacity":"","overlay-gradient":""}},"ast-content-background-meta":{"desktop":{"background-color":"var(--ast-global-color-5)","background-image":"","background-repeat":"repeat","background-position":"center center","background-size":"auto","background-attachment":"scroll","background-type":"","background-media":"","overlay-type":"","overlay-color":"","overlay-opacity":"","overlay-gradient":""},"tablet":{"background-color":"var(--ast-global-color-5)","background-image":"","background-repeat":"repeat","background-position":"center center","background-size":"auto","background-attachment":"scroll","background-type":"","background-media":"","overlay-type":"","overlay-color":"","overlay-opacity":"","overlay-gradient":""},"mobile":{"background-color":"var(--ast-global-color-5)","background-image":"","background-repeat":"repeat","background-position":"center center","background-size":"auto","background-attachment":"scroll","background-type":"","background-media":"","overlay-type":"","overlay-color":"","overlay-opacity":"","overlay-gradient":""}}},"pwb-brand":[1031],"product_brand":[],"product_cat":[911,855],"product_tag":[],"class_list":{"0":"post-51818","1":"product","2":"type-product","3":"status-publish","4":"has-post-thumbnail","6":"pwb-brand-produse-goblenart","7":"product_cat-altele","8":"product_cat-modele","9":"desktop-align-left","10":"tablet-align-left","11":"mobile-align-left","12":"ast-product-gallery-layout-horizontal-slider","13":"ast-product-gallery-with-no-image","14":"ast-magnify-disabled","15":"ast-product-tabs-layout-horizontal","17":"first","18":"instock","19":"shipping-taxable","20":"product-type-grouped"},"brands":[{"id":1031,"name":"GoblenArt","slug":"produse-goblenart"}],"_links":{"self":[{"href":"https:\/\/goblenart.ro\/en\/wp-json\/wp\/v2\/product\/51818","targetHints":{"allow":["GET"]}}],"collection":[{"href":"https:\/\/goblenart.ro\/en\/wp-json\/wp\/v2\/product"}],"about":[{"href":"https:\/\/goblenart.ro\/en\/wp-json\/wp\/v2\/types\/product"}],"version-history":[{"count":1,"href":"https:\/\/goblenart.ro\/en\/wp-json\/wp\/v2\/product\/51818\/revisions"}],"predecessor-version":[{"id":51819,"href":"https:\/\/goblenart.ro\/en\/wp-json\/wp\/v2\/product\/51818\/revisions\/51819"}],"wp:featuredmedia":[{"embeddable":true,"href":"https:\/\/goblenart.ro\/en\/wp-json\/wp\/v2\/media\/51785"}],"wp:attachment":[{"href":"https:\/\/goblenart.ro\/en\/wp-json\/wp\/v2\/media?parent=51818"}],"wp:term":[{"taxonomy":"pwb-brand","embeddable":true,"href":"https:\/\/goblenart.ro\/en\/wp-json\/wp\/v2\/pwb-brand?post=51818"},{"taxonomy":"product_brand","embeddable":true,"href":"https:\/\/goblenart.ro\/en\/wp-json\/wp\/v2\/product_brand?post=51818"},{"taxonomy":"product_cat","embeddable":true,"href":"https:\/\/goblenart.ro\/en\/wp-json\/wp\/v2\/product_cat?post=51818"},{"taxonomy":"product_tag","embeddable":true,"href":"https:\/\/goblenart.ro\/en\/wp-json\/wp\/v2\/product_tag?post=51818"}],"curies":[{"name":"wp","href":"https:\/\/api.w.org\/{rel}","templated":true}]}}