
{"id":52106,"date":"2025-07-10T15:36:40","date_gmt":"2025-07-10T13:36:40","guid":{"rendered":"https:\/\/goblenart.ro\/?post_type=product&#038;p=52106"},"modified":"2025-07-10T15:40:20","modified_gmt":"2025-07-10T13:40:20","slug":"camasa-nationala-cusuta-si-finisata-manual-40","status":"publish","type":"product","link":"https:\/\/goblenart.ro\/en\/produs\/camasa-nationala-cusuta-si-finisata-manual-40\/","title":{"rendered":"C\u0103ma\u0219\u0103 na\u021bional\u0103 cusut\u0103 \u0219i finisat\u0103 manual"},"content":{"rendered":"<p>C\u0103ma\u0219\u0103 na\u021bional\u0103 cusut\u0103 pe p\u00e2nz\u0103 foarte apropiat\u0103 ca aspect cu p\u00e2nza de cas\u0103, bbc.100%, cu fir Mouline special DMC 100%bbc, lucrat\u0103 \u00een punct satin sau pe fir, \u00eencheiat\u0103 \u0219i finisat\u0103 manual. M\u0103rimea c\u0103m\u0103\u0219ii prezentate este L <em><strong>dar exist\u0103 posibilitatea de a achizi\u021biona kitul pentru aceast\u0103 c\u0103ma\u0219\u0103, dac\u0103 dori\u021bi alt\u0103 m\u0103rime.<\/strong><\/em><\/p>\n","protected":false},"excerpt":{"rendered":"<p>C\u0103ma\u0219\u0103 na\u021bional\u0103 cusut\u0103 pe p\u00e2nz\u0103 foarte apropiat\u0103 ca aspect cu p\u00e2nza de cas\u0103, bbc.100%, cu fir Mouline special DMC 100%bbc, lucrat\u0103 \u00een punct satin sau pe fir, \u00eencheiat\u0103 \u0219i finisat\u0103 manual. M\u0103rimea c\u0103m\u0103\u0219ii prezentate este L dar exist\u0103 posibilitatea de a achizi\u021biona kitul pentru aceast\u0103 c\u0103ma\u0219\u0103, dac\u0103 dori\u021bi alt\u0103 m\u0103rime.<\/p>\n","protected":false},"featured_media":52108,"template":"","meta":{"site-sidebar-layout":"default","site-content-layout":"","ast-site-content-layout":"default","site-content-style":"default","site-sidebar-style":"default","ast-global-header-display":"","ast-banner-title-visibility":"","ast-main-header-display":"","ast-hfb-above-header-display":"","ast-hfb-below-header-display":"","ast-hfb-mobile-header-display":"","site-post-title":"","ast-breadcrumbs-content":"","ast-featured-img":"","footer-sml-layout":"","ast-disable-related-posts":"","theme-transparent-header-meta":"default","adv-header-id-meta":"","stick-header-meta":"default","header-above-stick-meta":"","header-main-stick-meta":"","header-below-stick-meta":"","astra-migrate-meta-layouts":"set","ast-page-background-enabled":"default","ast-page-background-meta":{"desktop":{"background-color":"","background-image":"","background-repeat":"repeat","background-position":"center center","background-size":"auto","background-attachment":"scroll","background-type":"","background-media":"","overlay-type":"","overlay-color":"","overlay-opacity":"","overlay-gradient":""},"tablet":{"background-color":"","background-image":"","background-repeat":"repeat","background-position":"center center","background-size":"auto","background-attachment":"scroll","background-type":"","background-media":"","overlay-type":"","overlay-color":"","overlay-opacity":"","overlay-gradient":""},"mobile":{"background-color":"","background-image":"","background-repeat":"repeat","background-position":"center center","background-size":"auto","background-attachment":"scroll","background-type":"","background-media":"","overlay-type":"","overlay-color":"","overlay-opacity":"","overlay-gradient":""}},"ast-content-background-meta":{"desktop":{"background-color":"var(--ast-global-color-5)","background-image":"","background-repeat":"repeat","background-position":"center center","background-size":"auto","background-attachment":"scroll","background-type":"","background-media":"","overlay-type":"","overlay-color":"","overlay-opacity":"","overlay-gradient":""},"tablet":{"background-color":"var(--ast-global-color-5)","background-image":"","background-repeat":"repeat","background-position":"center center","background-size":"auto","background-attachment":"scroll","background-type":"","background-media":"","overlay-type":"","overlay-color":"","overlay-opacity":"","overlay-gradient":""},"mobile":{"background-color":"var(--ast-global-color-5)","background-image":"","background-repeat":"repeat","background-position":"center center","background-size":"auto","background-attachment":"scroll","background-type":"","background-media":"","overlay-type":"","overlay-color":"","overlay-opacity":"","overlay-gradient":""}}},"pwb-brand":[1025],"product_brand":[],"product_cat":[913,912],"product_tag":[],"class_list":{"0":"post-52106","1":"product","2":"type-product","3":"status-publish","4":"has-post-thumbnail","6":"pwb-brand-goblenart-traditional","7":"product_cat-camasi-ii-nationale","8":"product_cat-traditional","9":"desktop-align-left","10":"tablet-align-left","11":"mobile-align-left","12":"ast-product-gallery-layout-horizontal-slider","13":"ast-magnify-disabled","14":"ast-product-tabs-layout-horizontal","16":"first","17":"instock","18":"shipping-taxable","19":"purchasable","20":"product-type-simple"},"brands":[{"id":1025,"name":"GoblenArt Traditional","slug":"goblenart-traditional"}],"_links":{"self":[{"href":"https:\/\/goblenart.ro\/en\/wp-json\/wp\/v2\/product\/52106","targetHints":{"allow":["GET"]}}],"collection":[{"href":"https:\/\/goblenart.ro\/en\/wp-json\/wp\/v2\/product"}],"about":[{"href":"https:\/\/goblenart.ro\/en\/wp-json\/wp\/v2\/types\/product"}],"version-history":[{"count":1,"href":"https:\/\/goblenart.ro\/en\/wp-json\/wp\/v2\/product\/52106\/revisions"}],"predecessor-version":[{"id":52107,"href":"https:\/\/goblenart.ro\/en\/wp-json\/wp\/v2\/product\/52106\/revisions\/52107"}],"wp:featuredmedia":[{"embeddable":true,"href":"https:\/\/goblenart.ro\/en\/wp-json\/wp\/v2\/media\/52108"}],"wp:attachment":[{"href":"https:\/\/goblenart.ro\/en\/wp-json\/wp\/v2\/media?parent=52106"}],"wp:term":[{"taxonomy":"pwb-brand","embeddable":true,"href":"https:\/\/goblenart.ro\/en\/wp-json\/wp\/v2\/pwb-brand?post=52106"},{"taxonomy":"product_brand","embeddable":true,"href":"https:\/\/goblenart.ro\/en\/wp-json\/wp\/v2\/product_brand?post=52106"},{"taxonomy":"product_cat","embeddable":true,"href":"https:\/\/goblenart.ro\/en\/wp-json\/wp\/v2\/product_cat?post=52106"},{"taxonomy":"product_tag","embeddable":true,"href":"https:\/\/goblenart.ro\/en\/wp-json\/wp\/v2\/product_tag?post=52106"}],"curies":[{"name":"wp","href":"https:\/\/api.w.org\/{rel}","templated":true}]}}