
{"id":53629,"date":"2025-11-13T16:08:36","date_gmt":"2025-11-13T14:08:36","guid":{"rendered":"https:\/\/goblenart.ro\/?post_type=product&#038;p=53629"},"modified":"2026-02-03T16:21:38","modified_gmt":"2026-02-03T14:21:38","slug":"fusta-brodata-53","status":"publish","type":"product","link":"https:\/\/goblenart.ro\/en\/produs\/fusta-brodata-53\/","title":{"rendered":"Fust\u0103 brodat\u0103"},"content":{"rendered":"<p>Fust\u0103 din catifea de bumbac, cu \u00eencre\u021bitur\u0103 elastic\u0103 \u0219i broderie la ma\u0219in\u0103. Acest tip de croi este specific fustelor care se poart\u0103 \u0219i cu c\u0103ma\u0219\u0103 na\u021bional\u0103. Fiind mai comod\u0103 dec\u00e2t catrin\u021ba, fusta din catifea poate fi parte a unei costuma\u021bii tradi\u021bional\u0103 modern\u0103, lejer\u0103 \u0219i elegant\u0103. Talia fustei este de 80cm. \u0219i lungimea de 59cm.<\/p>\n","protected":false},"excerpt":{"rendered":"<p>Fust\u0103 din catifea de bumbac, cu \u00eencre\u021bitur\u0103 elastic\u0103 \u0219i broderie la ma\u0219in\u0103. Acest tip de croi este specific fustelor care se poart\u0103 \u0219i cu c\u0103ma\u0219\u0103 na\u021bional\u0103. Fiind mai comod\u0103 dec\u00e2t catrin\u021ba, fusta din catifea poate fi parte a unei costuma\u021bii tradi\u021bional\u0103 modern\u0103, lejer\u0103 \u0219i elegant\u0103. Talia fustei este de 80cm. \u0219i lungimea de 59cm.<\/p>\n","protected":false},"featured_media":53630,"template":"","meta":{"site-sidebar-layout":"default","site-content-layout":"","ast-site-content-layout":"default","site-content-style":"default","site-sidebar-style":"default","ast-global-header-display":"","ast-banner-title-visibility":"","ast-main-header-display":"","ast-hfb-above-header-display":"","ast-hfb-below-header-display":"","ast-hfb-mobile-header-display":"","site-post-title":"","ast-breadcrumbs-content":"","ast-featured-img":"","footer-sml-layout":"","ast-disable-related-posts":"","theme-transparent-header-meta":"default","adv-header-id-meta":"","stick-header-meta":"default","header-above-stick-meta":"","header-main-stick-meta":"","header-below-stick-meta":"","astra-migrate-meta-layouts":"set","ast-page-background-enabled":"default","ast-page-background-meta":{"desktop":{"background-color":"","background-image":"","background-repeat":"repeat","background-position":"center center","background-size":"auto","background-attachment":"scroll","background-type":"","background-media":"","overlay-type":"","overlay-color":"","overlay-opacity":"","overlay-gradient":""},"tablet":{"background-color":"","background-image":"","background-repeat":"repeat","background-position":"center center","background-size":"auto","background-attachment":"scroll","background-type":"","background-media":"","overlay-type":"","overlay-color":"","overlay-opacity":"","overlay-gradient":""},"mobile":{"background-color":"","background-image":"","background-repeat":"repeat","background-position":"center center","background-size":"auto","background-attachment":"scroll","background-type":"","background-media":"","overlay-type":"","overlay-color":"","overlay-opacity":"","overlay-gradient":""}},"ast-content-background-meta":{"desktop":{"background-color":"var(--ast-global-color-5)","background-image":"","background-repeat":"repeat","background-position":"center center","background-size":"auto","background-attachment":"scroll","background-type":"","background-media":"","overlay-type":"","overlay-color":"","overlay-opacity":"","overlay-gradient":""},"tablet":{"background-color":"var(--ast-global-color-5)","background-image":"","background-repeat":"repeat","background-position":"center center","background-size":"auto","background-attachment":"scroll","background-type":"","background-media":"","overlay-type":"","overlay-color":"","overlay-opacity":"","overlay-gradient":""},"mobile":{"background-color":"var(--ast-global-color-5)","background-image":"","background-repeat":"repeat","background-position":"center center","background-size":"auto","background-attachment":"scroll","background-type":"","background-media":"","overlay-type":"","overlay-color":"","overlay-opacity":"","overlay-gradient":""}}},"pwb-brand":[1025],"product_brand":[],"product_cat":[920,912],"product_tag":[],"class_list":{"0":"post-53629","1":"product","2":"type-product","3":"status-publish","4":"has-post-thumbnail","6":"pwb-brand-goblenart-traditional","7":"product_cat-fuste-brodate","8":"product_cat-traditional","9":"desktop-align-left","10":"tablet-align-left","11":"mobile-align-left","12":"ast-product-gallery-layout-horizontal-slider","13":"ast-product-gallery-with-no-image","14":"ast-magnify-disabled","15":"ast-product-tabs-layout-horizontal","17":"first","18":"instock","19":"shipping-taxable","20":"purchasable","21":"product-type-simple"},"brands":[{"id":1025,"name":"GoblenArt Traditional","slug":"goblenart-traditional"}],"_links":{"self":[{"href":"https:\/\/goblenart.ro\/en\/wp-json\/wp\/v2\/product\/53629","targetHints":{"allow":["GET"]}}],"collection":[{"href":"https:\/\/goblenart.ro\/en\/wp-json\/wp\/v2\/product"}],"about":[{"href":"https:\/\/goblenart.ro\/en\/wp-json\/wp\/v2\/types\/product"}],"version-history":[{"count":2,"href":"https:\/\/goblenart.ro\/en\/wp-json\/wp\/v2\/product\/53629\/revisions"}],"predecessor-version":[{"id":53633,"href":"https:\/\/goblenart.ro\/en\/wp-json\/wp\/v2\/product\/53629\/revisions\/53633"}],"wp:featuredmedia":[{"embeddable":true,"href":"https:\/\/goblenart.ro\/en\/wp-json\/wp\/v2\/media\/53630"}],"wp:attachment":[{"href":"https:\/\/goblenart.ro\/en\/wp-json\/wp\/v2\/media?parent=53629"}],"wp:term":[{"taxonomy":"pwb-brand","embeddable":true,"href":"https:\/\/goblenart.ro\/en\/wp-json\/wp\/v2\/pwb-brand?post=53629"},{"taxonomy":"product_brand","embeddable":true,"href":"https:\/\/goblenart.ro\/en\/wp-json\/wp\/v2\/product_brand?post=53629"},{"taxonomy":"product_cat","embeddable":true,"href":"https:\/\/goblenart.ro\/en\/wp-json\/wp\/v2\/product_cat?post=53629"},{"taxonomy":"product_tag","embeddable":true,"href":"https:\/\/goblenart.ro\/en\/wp-json\/wp\/v2\/product_tag?post=53629"}],"curies":[{"name":"wp","href":"https:\/\/api.w.org\/{rel}","templated":true}]}}