
{"id":53849,"date":"2026-01-23T14:58:15","date_gmt":"2026-01-23T12:58:15","guid":{"rendered":"https:\/\/goblenart.ro\/?post_type=product&#038;p=53849"},"modified":"2026-01-23T15:06:10","modified_gmt":"2026-01-23T13:06:10","slug":"camasa-nationala-kit-complet-9","status":"publish","type":"product","link":"https:\/\/goblenart.ro\/en\/produs\/camasa-nationala-kit-complet-9\/","title":{"rendered":"C\u0103ma\u0219\u0103 na\u021bional\u0103 &#8211; kit complet"},"content":{"rendered":"<p>Kitul con\u0163ine: p\u00e2nz\u0103 din bumbac, cu 11 fire \/cm., care dup\u0103 sp\u0103lare intr\u0103 la ap\u0103 \u015fi devine foarte apropiat\u0103, ca aspect, de p\u00e2nza de cas\u0103, fir mouline special DMC art. 117, ac special cu v\u00e2rf bont \u015fi ureche alungit\u0103 nr. 26, diagram\u0103, instruc\u0163iuni de lucru \u015fi imagine color.<\/p>\n<p><strong>ATEN\u021aIE! Kitul este un pachet cu materialele necesare pentru a lucra p\u0103r\u021bile componente ale c\u0103m\u0103\u0219ii cu m\u00e2na d-voastr\u0103 \u0219i nu con\u021bine fir pentru \u00eencheiat!<br \/>\nAcest produs este disponibil doar la comand\u0103.<\/strong><\/p>\n","protected":false},"excerpt":{"rendered":"<p>Kitul con\u0163ine: p\u00e2nz\u0103 din bumbac, cu 11 fire \/cm., care dup\u0103 sp\u0103lare intr\u0103 la ap\u0103 \u015fi devine foarte apropiat\u0103, ca aspect, de p\u00e2nza de cas\u0103, fir mouline special DMC art. 117, ac special cu v\u00e2rf bont \u015fi ureche alungit\u0103 nr. 26, diagram\u0103, instruc\u0163iuni de lucru \u015fi imagine color. ATEN\u021aIE! Kitul este un pachet cu materialele [&hellip;]<\/p>\n","protected":false},"featured_media":53846,"template":"","meta":{"site-sidebar-layout":"default","site-content-layout":"","ast-site-content-layout":"default","site-content-style":"default","site-sidebar-style":"default","ast-global-header-display":"","ast-banner-title-visibility":"","ast-main-header-display":"","ast-hfb-above-header-display":"","ast-hfb-below-header-display":"","ast-hfb-mobile-header-display":"","site-post-title":"","ast-breadcrumbs-content":"","ast-featured-img":"","footer-sml-layout":"","ast-disable-related-posts":"","theme-transparent-header-meta":"default","adv-header-id-meta":"","stick-header-meta":"default","header-above-stick-meta":"","header-main-stick-meta":"","header-below-stick-meta":"","astra-migrate-meta-layouts":"set","ast-page-background-enabled":"default","ast-page-background-meta":{"desktop":{"background-color":"","background-image":"","background-repeat":"repeat","background-position":"center center","background-size":"auto","background-attachment":"scroll","background-type":"","background-media":"","overlay-type":"","overlay-color":"","overlay-opacity":"","overlay-gradient":""},"tablet":{"background-color":"","background-image":"","background-repeat":"repeat","background-position":"center center","background-size":"auto","background-attachment":"scroll","background-type":"","background-media":"","overlay-type":"","overlay-color":"","overlay-opacity":"","overlay-gradient":""},"mobile":{"background-color":"","background-image":"","background-repeat":"repeat","background-position":"center center","background-size":"auto","background-attachment":"scroll","background-type":"","background-media":"","overlay-type":"","overlay-color":"","overlay-opacity":"","overlay-gradient":""}},"ast-content-background-meta":{"desktop":{"background-color":"var(--ast-global-color-5)","background-image":"","background-repeat":"repeat","background-position":"center center","background-size":"auto","background-attachment":"scroll","background-type":"","background-media":"","overlay-type":"","overlay-color":"","overlay-opacity":"","overlay-gradient":""},"tablet":{"background-color":"var(--ast-global-color-5)","background-image":"","background-repeat":"repeat","background-position":"center center","background-size":"auto","background-attachment":"scroll","background-type":"","background-media":"","overlay-type":"","overlay-color":"","overlay-opacity":"","overlay-gradient":""},"mobile":{"background-color":"var(--ast-global-color-5)","background-image":"","background-repeat":"repeat","background-position":"center center","background-size":"auto","background-attachment":"scroll","background-type":"","background-media":"","overlay-type":"","overlay-color":"","overlay-opacity":"","overlay-gradient":""}}},"pwb-brand":[1025],"product_brand":[],"product_cat":[916,913,869,854,855,912],"product_tag":[],"class_list":{"0":"post-53849","1":"product","2":"type-product","3":"status-publish","4":"has-post-thumbnail","6":"pwb-brand-goblenart-traditional","7":"product_cat-c","8":"product_cat-camasi-ii-nationale","9":"product_cat-cusute","10":"product_cat-kituri","11":"product_cat-modele","12":"product_cat-traditional","13":"desktop-align-left","14":"tablet-align-left","15":"mobile-align-left","16":"ast-product-gallery-layout-horizontal-slider","17":"ast-product-gallery-with-no-image","18":"ast-magnify-disabled","19":"ast-product-tabs-layout-horizontal","21":"first","22":"instock","23":"shipping-taxable","24":"purchasable","25":"product-type-simple"},"brands":[{"id":1025,"name":"GoblenArt Traditional","slug":"goblenart-traditional"}],"_links":{"self":[{"href":"https:\/\/goblenart.ro\/en\/wp-json\/wp\/v2\/product\/53849","targetHints":{"allow":["GET"]}}],"collection":[{"href":"https:\/\/goblenart.ro\/en\/wp-json\/wp\/v2\/product"}],"about":[{"href":"https:\/\/goblenart.ro\/en\/wp-json\/wp\/v2\/types\/product"}],"version-history":[{"count":1,"href":"https:\/\/goblenart.ro\/en\/wp-json\/wp\/v2\/product\/53849\/revisions"}],"predecessor-version":[{"id":53850,"href":"https:\/\/goblenart.ro\/en\/wp-json\/wp\/v2\/product\/53849\/revisions\/53850"}],"wp:featuredmedia":[{"embeddable":true,"href":"https:\/\/goblenart.ro\/en\/wp-json\/wp\/v2\/media\/53846"}],"wp:attachment":[{"href":"https:\/\/goblenart.ro\/en\/wp-json\/wp\/v2\/media?parent=53849"}],"wp:term":[{"taxonomy":"pwb-brand","embeddable":true,"href":"https:\/\/goblenart.ro\/en\/wp-json\/wp\/v2\/pwb-brand?post=53849"},{"taxonomy":"product_brand","embeddable":true,"href":"https:\/\/goblenart.ro\/en\/wp-json\/wp\/v2\/product_brand?post=53849"},{"taxonomy":"product_cat","embeddable":true,"href":"https:\/\/goblenart.ro\/en\/wp-json\/wp\/v2\/product_cat?post=53849"},{"taxonomy":"product_tag","embeddable":true,"href":"https:\/\/goblenart.ro\/en\/wp-json\/wp\/v2\/product_tag?post=53849"}],"curies":[{"name":"wp","href":"https:\/\/api.w.org\/{rel}","templated":true}]}}