
{"id":53927,"date":"2026-02-03T15:03:11","date_gmt":"2026-02-03T13:03:11","guid":{"rendered":"https:\/\/goblenart.ro\/?post_type=product&#038;p=53927"},"modified":"2026-03-25T16:42:43","modified_gmt":"2026-03-25T14:42:43","slug":"felicitari-lucrate-manual","status":"publish","type":"product","link":"https:\/\/goblenart.ro\/en\/produs\/felicitari-lucrate-manual\/","title":{"rendered":"Felicit\u0103ri lucrate manual"},"content":{"rendered":"<p>Felicit\u0103ri cusute manual, cu parfum de prim\u0103var\u0103, cu anvelop\u0103 din carton \u0219i plic f\u0103r\u0103 timbru. Pre\u021bul afi\u0219at este pentru o bucat\u0103. Mesajul pe care urmeaz\u0103 s\u0103-l scrie\u021bi personal, transform\u0103 destinatarul \u00eentr-o persoan\u0103 apropiat\u0103 sufletului dumneavoastr\u0103, reu\u0219ind astfel s\u0103 aduce\u021bi bucurie unei persoane dragi. <strong>Trebuie doar s\u0103 trece\u021bi adresa pe plic \u0219i s\u0103 lipi\u021bi timbrul!!!!!!<\/strong><\/p>\n","protected":false},"excerpt":{"rendered":"<p>Felicit\u0103ri cusute manual, cu parfum de prim\u0103var\u0103, cu anvelop\u0103 din carton \u0219i plic f\u0103r\u0103 timbru. Pre\u021bul afi\u0219at este pentru o bucat\u0103. Mesajul pe care urmeaz\u0103 s\u0103-l scrie\u021bi personal, transform\u0103 destinatarul \u00eentr-o persoan\u0103 apropiat\u0103 sufletului dumneavoastr\u0103, reu\u0219ind astfel s\u0103 aduce\u021bi bucurie unei persoane dragi. Trebuie doar s\u0103 trece\u021bi adresa pe plic \u0219i s\u0103 lipi\u021bi timbrul!!!!!!<\/p>\n","protected":false},"featured_media":54344,"template":"","meta":{"site-sidebar-layout":"default","site-content-layout":"","ast-site-content-layout":"default","site-content-style":"default","site-sidebar-style":"default","ast-global-header-display":"","ast-banner-title-visibility":"","ast-main-header-display":"","ast-hfb-above-header-display":"","ast-hfb-below-header-display":"","ast-hfb-mobile-header-display":"","site-post-title":"","ast-breadcrumbs-content":"","ast-featured-img":"","footer-sml-layout":"","ast-disable-related-posts":"","theme-transparent-header-meta":"default","adv-header-id-meta":"","stick-header-meta":"default","header-above-stick-meta":"","header-main-stick-meta":"","header-below-stick-meta":"","astra-migrate-meta-layouts":"set","ast-page-background-enabled":"default","ast-page-background-meta":{"desktop":{"background-color":"","background-image":"","background-repeat":"repeat","background-position":"center center","background-size":"auto","background-attachment":"scroll","background-type":"","background-media":"","overlay-type":"","overlay-color":"","overlay-opacity":"","overlay-gradient":""},"tablet":{"background-color":"","background-image":"","background-repeat":"repeat","background-position":"center center","background-size":"auto","background-attachment":"scroll","background-type":"","background-media":"","overlay-type":"","overlay-color":"","overlay-opacity":"","overlay-gradient":""},"mobile":{"background-color":"","background-image":"","background-repeat":"repeat","background-position":"center center","background-size":"auto","background-attachment":"scroll","background-type":"","background-media":"","overlay-type":"","overlay-color":"","overlay-opacity":"","overlay-gradient":""}},"ast-content-background-meta":{"desktop":{"background-color":"var(--ast-global-color-5)","background-image":"","background-repeat":"repeat","background-position":"center center","background-size":"auto","background-attachment":"scroll","background-type":"","background-media":"","overlay-type":"","overlay-color":"","overlay-opacity":"","overlay-gradient":""},"tablet":{"background-color":"var(--ast-global-color-5)","background-image":"","background-repeat":"repeat","background-position":"center center","background-size":"auto","background-attachment":"scroll","background-type":"","background-media":"","overlay-type":"","overlay-color":"","overlay-opacity":"","overlay-gradient":""},"mobile":{"background-color":"var(--ast-global-color-5)","background-image":"","background-repeat":"repeat","background-position":"center center","background-size":"auto","background-attachment":"scroll","background-type":"","background-media":"","overlay-type":"","overlay-color":"","overlay-opacity":"","overlay-gradient":""}}},"pwb-brand":[1031],"product_brand":[],"product_cat":[911,869,855],"product_tag":[],"class_list":{"0":"post-53927","1":"product","2":"type-product","3":"status-publish","4":"has-post-thumbnail","6":"pwb-brand-produse-goblenart","7":"product_cat-altele","8":"product_cat-cusute","9":"product_cat-modele","10":"desktop-align-left","11":"tablet-align-left","12":"mobile-align-left","13":"ast-product-gallery-layout-horizontal-slider","14":"ast-product-gallery-with-no-image","15":"ast-magnify-disabled","16":"ast-product-tabs-layout-horizontal","18":"first","19":"instock","20":"shipping-taxable","21":"purchasable","22":"product-type-simple"},"brands":[{"id":1031,"name":"GoblenArt","slug":"produse-goblenart"}],"_links":{"self":[{"href":"https:\/\/goblenart.ro\/en\/wp-json\/wp\/v2\/product\/53927","targetHints":{"allow":["GET"]}}],"collection":[{"href":"https:\/\/goblenart.ro\/en\/wp-json\/wp\/v2\/product"}],"about":[{"href":"https:\/\/goblenart.ro\/en\/wp-json\/wp\/v2\/types\/product"}],"version-history":[{"count":2,"href":"https:\/\/goblenart.ro\/en\/wp-json\/wp\/v2\/product\/53927\/revisions"}],"predecessor-version":[{"id":53934,"href":"https:\/\/goblenart.ro\/en\/wp-json\/wp\/v2\/product\/53927\/revisions\/53934"}],"wp:featuredmedia":[{"embeddable":true,"href":"https:\/\/goblenart.ro\/en\/wp-json\/wp\/v2\/media\/54344"}],"wp:attachment":[{"href":"https:\/\/goblenart.ro\/en\/wp-json\/wp\/v2\/media?parent=53927"}],"wp:term":[{"taxonomy":"pwb-brand","embeddable":true,"href":"https:\/\/goblenart.ro\/en\/wp-json\/wp\/v2\/pwb-brand?post=53927"},{"taxonomy":"product_brand","embeddable":true,"href":"https:\/\/goblenart.ro\/en\/wp-json\/wp\/v2\/product_brand?post=53927"},{"taxonomy":"product_cat","embeddable":true,"href":"https:\/\/goblenart.ro\/en\/wp-json\/wp\/v2\/product_cat?post=53927"},{"taxonomy":"product_tag","embeddable":true,"href":"https:\/\/goblenart.ro\/en\/wp-json\/wp\/v2\/product_tag?post=53927"}],"curies":[{"name":"wp","href":"https:\/\/api.w.org\/{rel}","templated":true}]}}