
{"id":54238,"date":"2026-03-12T11:04:48","date_gmt":"2026-03-12T09:04:48","guid":{"rendered":"https:\/\/goblenart.ro\/?post_type=product&#038;p=54238"},"modified":"2026-03-12T11:28:52","modified_gmt":"2026-03-12T09:28:52","slug":"fusta-brodata-pentru-fetite","status":"publish","type":"product","link":"https:\/\/goblenart.ro\/en\/produs\/fusta-brodata-pentru-fetite\/","title":{"rendered":"Fust\u0103 brodat\u0103 pentru feti\u021be"},"content":{"rendered":"<p>Fust\u0103 din catifea de bumbac, cu broderie, dantel\u0103 din bumbac alb ata\u0219at\u0103 la poale, cu motiv \u00een fagure executat manual (cus\u0103tura tradi\u021bional\u0103 piele de g\u0103in\u0103) \u0219i cu bata din elastic. Calitatea catifelei \u0219i a execu\u021biei \u00eencre\u021biturii manuale confer\u0103 probabil, cel mai bun raport CALITATE\/PRE\u021a de pe pia\u021ba de specialitate, la ora actual\u0103. Recomand\u0103m acest produs \u0219i ca posibil\u0103 parte component\u0103 a unei vestimenta\u021bii tradi\u021bionale deoarece motivul \u00een fagure f\u0103cut \u00een partea de sus a fustei merge combinat perfect cu c\u0103ma\u0219\u0103 na\u021bional\u0103 sau ie.<strong> Men\u021bion\u0103m c\u0103 se pot face pe comand\u0103 seturi fust\u0103-ie, pentru toate categoriile de v\u00e2rst\u0103!<\/strong> Dimensiuni: talie 45cm., lungime 24cm.<\/p>\n","protected":false},"excerpt":{"rendered":"<p>Fust\u0103 din catifea de bumbac, cu broderie, dantel\u0103 din bumbac alb ata\u0219at\u0103 la poale, cu motiv \u00een fagure executat manual (cus\u0103tura tradi\u021bional\u0103 piele de g\u0103in\u0103) \u0219i cu bata din elastic. Calitatea catifelei \u0219i a execu\u021biei \u00eencre\u021biturii manuale confer\u0103 probabil, cel mai bun raport CALITATE\/PRE\u021a de pe pia\u021ba de specialitate, la ora actual\u0103. Recomand\u0103m acest produs [&hellip;]<\/p>\n","protected":false},"featured_media":54243,"template":"","meta":{"site-sidebar-layout":"default","site-content-layout":"","ast-site-content-layout":"default","site-content-style":"default","site-sidebar-style":"default","ast-global-header-display":"","ast-banner-title-visibility":"","ast-main-header-display":"","ast-hfb-above-header-display":"","ast-hfb-below-header-display":"","ast-hfb-mobile-header-display":"","site-post-title":"","ast-breadcrumbs-content":"","ast-featured-img":"","footer-sml-layout":"","ast-disable-related-posts":"","theme-transparent-header-meta":"default","adv-header-id-meta":"","stick-header-meta":"default","header-above-stick-meta":"","header-main-stick-meta":"","header-below-stick-meta":"","astra-migrate-meta-layouts":"set","ast-page-background-enabled":"default","ast-page-background-meta":{"desktop":{"background-color":"","background-image":"","background-repeat":"repeat","background-position":"center center","background-size":"auto","background-attachment":"scroll","background-type":"","background-media":"","overlay-type":"","overlay-color":"","overlay-opacity":"","overlay-gradient":""},"tablet":{"background-color":"","background-image":"","background-repeat":"repeat","background-position":"center center","background-size":"auto","background-attachment":"scroll","background-type":"","background-media":"","overlay-type":"","overlay-color":"","overlay-opacity":"","overlay-gradient":""},"mobile":{"background-color":"","background-image":"","background-repeat":"repeat","background-position":"center center","background-size":"auto","background-attachment":"scroll","background-type":"","background-media":"","overlay-type":"","overlay-color":"","overlay-opacity":"","overlay-gradient":""}},"ast-content-background-meta":{"desktop":{"background-color":"var(--ast-global-color-5)","background-image":"","background-repeat":"repeat","background-position":"center center","background-size":"auto","background-attachment":"scroll","background-type":"","background-media":"","overlay-type":"","overlay-color":"","overlay-opacity":"","overlay-gradient":""},"tablet":{"background-color":"var(--ast-global-color-5)","background-image":"","background-repeat":"repeat","background-position":"center center","background-size":"auto","background-attachment":"scroll","background-type":"","background-media":"","overlay-type":"","overlay-color":"","overlay-opacity":"","overlay-gradient":""},"mobile":{"background-color":"var(--ast-global-color-5)","background-image":"","background-repeat":"repeat","background-position":"center center","background-size":"auto","background-attachment":"scroll","background-type":"","background-media":"","overlay-type":"","overlay-color":"","overlay-opacity":"","overlay-gradient":""}}},"pwb-brand":[1025],"product_brand":[],"product_cat":[920,912],"product_tag":[],"class_list":{"0":"post-54238","1":"product","2":"type-product","3":"status-publish","4":"has-post-thumbnail","6":"pwb-brand-goblenart-traditional","7":"product_cat-fuste-brodate","8":"product_cat-traditional","9":"desktop-align-left","10":"tablet-align-left","11":"mobile-align-left","12":"ast-product-gallery-layout-horizontal-slider","13":"ast-product-gallery-with-no-image","14":"ast-magnify-disabled","15":"ast-product-tabs-layout-horizontal","17":"first","18":"instock","19":"sale","20":"shipping-taxable","21":"purchasable","22":"product-type-simple"},"brands":[{"id":1025,"name":"GoblenArt Traditional","slug":"goblenart-traditional"}],"_links":{"self":[{"href":"https:\/\/goblenart.ro\/en\/wp-json\/wp\/v2\/product\/54238","targetHints":{"allow":["GET"]}}],"collection":[{"href":"https:\/\/goblenart.ro\/en\/wp-json\/wp\/v2\/product"}],"about":[{"href":"https:\/\/goblenart.ro\/en\/wp-json\/wp\/v2\/types\/product"}],"version-history":[{"count":1,"href":"https:\/\/goblenart.ro\/en\/wp-json\/wp\/v2\/product\/54238\/revisions"}],"predecessor-version":[{"id":54245,"href":"https:\/\/goblenart.ro\/en\/wp-json\/wp\/v2\/product\/54238\/revisions\/54245"}],"wp:featuredmedia":[{"embeddable":true,"href":"https:\/\/goblenart.ro\/en\/wp-json\/wp\/v2\/media\/54243"}],"wp:attachment":[{"href":"https:\/\/goblenart.ro\/en\/wp-json\/wp\/v2\/media?parent=54238"}],"wp:term":[{"taxonomy":"pwb-brand","embeddable":true,"href":"https:\/\/goblenart.ro\/en\/wp-json\/wp\/v2\/pwb-brand?post=54238"},{"taxonomy":"product_brand","embeddable":true,"href":"https:\/\/goblenart.ro\/en\/wp-json\/wp\/v2\/product_brand?post=54238"},{"taxonomy":"product_cat","embeddable":true,"href":"https:\/\/goblenart.ro\/en\/wp-json\/wp\/v2\/product_cat?post=54238"},{"taxonomy":"product_tag","embeddable":true,"href":"https:\/\/goblenart.ro\/en\/wp-json\/wp\/v2\/product_tag?post=54238"}],"curies":[{"name":"wp","href":"https:\/\/api.w.org\/{rel}","templated":true}]}}